{"id":1768,"date":"2021-03-05T10:18:00","date_gmt":"2021-03-05T09:18:00","guid":{"rendered":"https:\/\/yerka-kosmetik.com\/kontakt\/"},"modified":"2026-05-11T13:18:40","modified_gmt":"2026-05-11T11:18:40","slug":"kontakt","status":"publish","type":"page","link":"https:\/\/yerka-kosmetik.com\/no\/kontakt\/","title":{"rendered":"Kontakt"},"content":{"rendered":"\t\t<div data-elementor-type=\"wp-page\" data-elementor-id=\"1768\" class=\"elementor elementor-1768 elementor-75\" data-elementor-post-type=\"page\">\n\t\t\t\t\t\t<section class=\"elementor-section elementor-top-section elementor-element elementor-element-6cf1384 elementor-section-stretched elementor-section-boxed elementor-section-height-default elementor-section-height-default elementor-invisible\" data-id=\"6cf1384\" data-element_type=\"section\" data-e-type=\"section\" data-settings=\"{&quot;stretch_section&quot;:&quot;section-stretched&quot;,&quot;background_background&quot;:&quot;classic&quot;,&quot;animation&quot;:&quot;fadeInUp&quot;}\">\n\t\t\t\t\t\t<div class=\"elementor-container elementor-column-gap-default\">\n\t\t\t\t\t<div class=\"elementor-column elementor-col-100 elementor-top-column elementor-element elementor-element-9afe19c\" data-id=\"9afe19c\" data-element_type=\"column\" data-e-type=\"column\">\n\t\t\t<div class=\"elementor-widget-wrap elementor-element-populated\">\n\t\t\t\t\t\t<div class=\"elementor-element elementor-element-8f14f96 elementor-view-default elementor-widget elementor-widget-icon\" data-id=\"8f14f96\" data-element_type=\"widget\" data-e-type=\"widget\" data-widget_type=\"icon.default\">\n\t\t\t\t<div class=\"elementor-widget-container\">\n\t\t\t\t\t\t\t<div class=\"elementor-icon-wrapper\">\n\t\t\t<div class=\"elementor-icon\">\n\t\t\t<i aria-hidden=\"true\" class=\"far fa-comments\"><\/i>\t\t\t<\/div>\n\t\t<\/div>\n\t\t\t\t\t\t<\/div>\n\t\t\t\t<\/div>\n\t\t\t\t<div class=\"elementor-element elementor-element-20ab728d elementor-widget elementor-widget-heading\" data-id=\"20ab728d\" data-element_type=\"widget\" data-e-type=\"widget\" data-widget_type=\"heading.default\">\n\t\t\t\t<div class=\"elementor-widget-container\">\n\t\t\t\t\t<h2 class=\"elementor-heading-title elementor-size-default\">Skriv til oss<\/h2>\t\t\t\t<\/div>\n\t\t\t\t<\/div>\n\t\t\t\t<div class=\"elementor-element elementor-element-c858dc0 elementor-widget__width-inherit elementor-widget elementor-widget-text-editor\" data-id=\"c858dc0\" data-element_type=\"widget\" data-e-type=\"widget\" data-widget_type=\"text-editor.default\">\n\t\t\t\t<div class=\"elementor-widget-container\">\n\t\t\t\t\t\t\t\t\t<p> <\/p><p>Hvis du har sp\u00f8rsm\u00e5l eller forslag, eller \u00f8nsker \u00e5 dele din mening med oss, vennligst bruk kontaktskjemaet v\u00e5rt.<\/p><p>Vi er her for \u00e5 hjelpe deg.<\/p>\t\t\t\t\t\t\t\t<\/div>\n\t\t\t\t<\/div>\n\t\t\t\t\t<\/div>\n\t\t<\/div>\n\t\t\t\t\t<\/div>\n\t\t<\/section>\n\t\t\t\t<section class=\"elementor-section elementor-top-section elementor-element elementor-element-62e38388 elementor-section-content-middle elementor-section-stretched elementor-section-boxed elementor-section-height-default elementor-section-height-default elementor-invisible\" data-id=\"62e38388\" data-element_type=\"section\" data-e-type=\"section\" data-settings=\"{&quot;background_background&quot;:&quot;classic&quot;,&quot;stretch_section&quot;:&quot;section-stretched&quot;,&quot;animation&quot;:&quot;fadeInUp&quot;}\">\n\t\t\t\t\t\t<div class=\"elementor-container elementor-column-gap-no\">\n\t\t\t\t\t<div class=\"elementor-column elementor-col-100 elementor-top-column elementor-element elementor-element-58d1bac8\" data-id=\"58d1bac8\" data-element_type=\"column\" data-e-type=\"column\" data-settings=\"{&quot;background_background&quot;:&quot;classic&quot;}\">\n\t\t\t<div class=\"elementor-widget-wrap elementor-element-populated\">\n\t\t\t\t\t\t<div class=\"elementor-element elementor-element-5ba82316 elementor-button-align-stretch elementor-widget elementor-widget-form\" data-id=\"5ba82316\" data-element_type=\"widget\" data-e-type=\"widget\" data-settings=\"{&quot;step_next_label&quot;:&quot;Neste&quot;,&quot;step_previous_label&quot;:&quot;Forrige&quot;,&quot;button_width&quot;:&quot;100&quot;,&quot;step_type&quot;:&quot;number_text&quot;,&quot;step_icon_shape&quot;:&quot;circle&quot;}\" data-widget_type=\"form.default\">\n\t\t\t\t<div class=\"elementor-widget-container\">\n\t\t\t\t\t\t\t<form class=\"elementor-form\" method=\"post\" name=\"Nytt skjema\" aria-label=\"Nytt skjema\">\n\t\t\t<input type=\"hidden\" name=\"post_id\" value=\"1768\"\/>\n\t\t\t<input type=\"hidden\" name=\"form_id\" value=\"5ba82316\"\/>\n\t\t\t<input type=\"hidden\" name=\"referer_title\" value=\"Kontakt | Yerka Kosmetik\" \/>\n\n\t\t\t\t\t\t\t<input type=\"hidden\" name=\"queried_id\" value=\"1768\"\/>\n\t\t\t\n\t\t\t<div class=\"elementor-form-fields-wrapper elementor-labels-\">\n\t\t\t\t\t\t\t\t<div class=\"elementor-field-type-text elementor-field-group elementor-column elementor-field-group-name elementor-col-50\">\n\t\t\t\t\t\t\t\t\t\t\t\t<label for=\"form-field-name\" class=\"elementor-field-label elementor-screen-only\">\n\t\t\t\t\t\t\t\tFornavn\t\t\t\t\t\t\t<\/label>\n\t\t\t\t\t\t\t\t\t\t\t\t\t\t<input size=\"1\" type=\"text\" name=\"form_fields[name]\" id=\"form-field-name\" class=\"elementor-field elementor-size-md  elementor-field-textual\" placeholder=\"Fornavn\">\n\t\t\t\t\t\t\t\t\t\t\t<\/div>\n\t\t\t\t\t\t\t\t<div class=\"elementor-field-type-text elementor-field-group elementor-column elementor-field-group-field_1 elementor-col-50 elementor-field-required\">\n\t\t\t\t\t\t\t\t\t\t\t\t<label for=\"form-field-field_1\" class=\"elementor-field-label elementor-screen-only\">\n\t\t\t\t\t\t\t\tEtternavn\t\t\t\t\t\t\t<\/label>\n\t\t\t\t\t\t\t\t\t\t\t\t\t\t<input size=\"1\" type=\"text\" name=\"form_fields[field_1]\" id=\"form-field-field_1\" class=\"elementor-field elementor-size-md  elementor-field-textual\" placeholder=\"Etternavn*\" required=\"required\">\n\t\t\t\t\t\t\t\t\t\t\t<\/div>\n\t\t\t\t\t\t\t\t<div class=\"elementor-field-type-tel elementor-field-group elementor-column elementor-field-group-field_2 elementor-col-50\">\n\t\t\t\t\t\t\t\t\t\t\t\t<label for=\"form-field-field_2\" class=\"elementor-field-label elementor-screen-only\">\n\t\t\t\t\t\t\t\tTelefonnummer\t\t\t\t\t\t\t<\/label>\n\t\t\t\t\t\t\t\t<input size=\"1\" type=\"tel\" name=\"form_fields[field_2]\" id=\"form-field-field_2\" class=\"elementor-field elementor-size-md  elementor-field-textual\" placeholder=\"Telefonnummer\" pattern=\"[0-9()#&amp;+*-=.]+\" title=\"Only numbers and phone characters (#, -, *, etc) are accepted.\">\n\n\t\t\t\t\t\t<\/div>\n\t\t\t\t\t\t\t\t<div class=\"elementor-field-type-email elementor-field-group elementor-column elementor-field-group-field_3 elementor-col-50 elementor-field-required\">\n\t\t\t\t\t\t\t\t\t\t\t\t<label for=\"form-field-field_3\" class=\"elementor-field-label elementor-screen-only\">\n\t\t\t\t\t\t\t\tE-post\t\t\t\t\t\t\t<\/label>\n\t\t\t\t\t\t\t\t\t\t\t\t\t\t<input size=\"1\" type=\"email\" name=\"form_fields[field_3]\" id=\"form-field-field_3\" class=\"elementor-field elementor-size-md  elementor-field-textual\" placeholder=\"E-post*\" required=\"required\">\n\t\t\t\t\t\t\t\t\t\t\t<\/div>\n\t\t\t\t\t\t\t\t<div class=\"elementor-field-type-textarea elementor-field-group elementor-column elementor-field-group-field_4 elementor-col-100 elementor-field-required\">\n\t\t\t\t\t\t\t\t\t\t\t\t<label for=\"form-field-field_4\" class=\"elementor-field-label elementor-screen-only\">\n\t\t\t\t\t\t\t\tDin melding\t\t\t\t\t\t\t<\/label>\n\t\t\t\t\t\t<textarea class=\"elementor-field-textual elementor-field  elementor-size-md\" name=\"form_fields[field_4]\" id=\"form-field-field_4\" rows=\"4\" placeholder=\"Din melding*\" required=\"required\"><\/textarea>\t\t\t\t<\/div>\n\t\t\t\t\t\t\t\t<div class=\"elementor-field-type-acceptance elementor-field-group elementor-column elementor-field-group-field_5 elementor-col-100 elementor-field-required\">\n\t\t\t\t\t\t\t\t\t\t\t\t<label for=\"form-field-field_5\" class=\"elementor-field-label elementor-screen-only\">\n\t\t\t\t\t\t\t\tPersonvernerkl\u00e6ring\t\t\t\t\t\t\t<\/label>\n\t\t\t\t\t\t\t\t<div class=\"elementor-field-subgroup\">\n\t\t\t<span class=\"elementor-field-option\">\n\t\t\t\t<input type=\"checkbox\" name=\"form_fields[field_5]\" id=\"form-field-field_5\" class=\"elementor-field elementor-size-md  elementor-acceptance-field\" required=\"required\">\n\t\t\t\t<label for=\"form-field-field_5\">Jeg godtar <a href=\"https:\/\/yerka-kosmetik.com\/datenschutz\/\">personvernerkl\u00e6ringen<\/a> og samtykker i at opplysningene mine lagres permanent for kontakt og oppf\u00f8lging.<\/label>\t\t\t<\/span>\n\t\t<\/div>\n\t\t\t\t\t\t<\/div>\n\t\t\t\t\t\t\t\t<div class=\"elementor-field-type-text\">\n\t\t\t\t\t<input size=\"1\" type=\"text\" name=\"form_fields[field_6]\" id=\"form-field-field_6\" class=\"elementor-field elementor-size-md \" style=\"display:none !important;\">\t\t\t\t<\/div>\n\t\t\t\t\t\t\t\t<div class=\"elementor-field-group elementor-column elementor-field-type-submit elementor-col-100 e-form__buttons\">\n\t\t\t\t\t<button class=\"elementor-button elementor-size-md\" type=\"submit\">\n\t\t\t\t\t\t<span class=\"elementor-button-content-wrapper\">\n\t\t\t\t\t\t\t\t\t\t\t\t\t\t\t\t\t\t\t\t\t\t<span class=\"elementor-button-text\">Send<\/span>\n\t\t\t\t\t\t\t\t\t\t\t\t\t<\/span>\n\t\t\t\t\t<\/button>\n\t\t\t\t<\/div>\n\t\t\t<\/div>\n\t\t<\/form>\n\t\t\t\t\t\t<\/div>\n\t\t\t\t<\/div>\n\t\t\t\t<div class=\"elementor-element elementor-element-69eb73f elementor-widget elementor-widget-spacer\" data-id=\"69eb73f\" data-element_type=\"widget\" data-e-type=\"widget\" data-widget_type=\"spacer.default\">\n\t\t\t\t<div class=\"elementor-widget-container\">\n\t\t\t\t\t\t\t<div class=\"elementor-spacer\">\n\t\t\t<div class=\"elementor-spacer-inner\"><\/div>\n\t\t<\/div>\n\t\t\t\t\t\t<\/div>\n\t\t\t\t<\/div>\n\t\t\t\t\t<\/div>\n\t\t<\/div>\n\t\t\t\t\t<\/div>\n\t\t<\/section>\n\t\t\t\t<\/div>\n\t\t","protected":false},"excerpt":{"rendered":"<p>Skriv til oss Hvis du har sp\u00f8rsm\u00e5l eller forslag, eller \u00f8nsker \u00e5 dele din mening med oss, vennligst bruk kontaktskjemaet v\u00e5rt. Vi er her for \u00e5 hjelpe deg.<\/p>\n","protected":false},"author":1,"featured_media":1769,"parent":0,"menu_order":4,"comment_status":"closed","ping_status":"closed","template":"","meta":{"site-sidebar-layout":"default","site-content-layout":"default","ast-site-content-layout":"default","site-content-style":"default","site-sidebar-style":"default","ast-global-header-display":"","ast-banner-title-visibility":"","ast-main-header-display":"","ast-hfb-above-header-display":"","ast-hfb-below-header-display":"","ast-hfb-mobile-header-display":"","site-post-title":"disabled","ast-breadcrumbs-content":"disabled","ast-featured-img":"disabled","footer-sml-layout":"","ast-disable-related-posts":"","theme-transparent-header-meta":"default","adv-header-id-meta":"","stick-header-meta":"default","header-above-stick-meta":"","header-main-stick-meta":"","header-below-stick-meta":"","astra-migrate-meta-layouts":"default","ast-page-background-enabled":"default","ast-page-background-meta":{"desktop":{"background-color":"","background-image":"","background-repeat":"repeat","background-position":"center center","background-size":"auto","background-attachment":"scroll","background-type":"","background-media":"","overlay-type":"","overlay-color":"","overlay-opacity":"","overlay-gradient":""},"tablet":{"background-color":"","background-image":"","background-repeat":"repeat","background-position":"center center","background-size":"auto","background-attachment":"scroll","background-type":"","background-media":"","overlay-type":"","overlay-color":"","overlay-opacity":"","overlay-gradient":""},"mobile":{"background-color":"","background-image":"","background-repeat":"repeat","background-position":"center center","background-size":"auto","background-attachment":"scroll","background-type":"","background-media":"","overlay-type":"","overlay-color":"","overlay-opacity":"","overlay-gradient":""}},"ast-content-background-meta":{"desktop":{"background-color":"var(--ast-global-color-5)","background-image":"","background-repeat":"repeat","background-position":"center center","background-size":"auto","background-attachment":"scroll","background-type":"","background-media":"","overlay-type":"","overlay-color":"","overlay-opacity":"","overlay-gradient":""},"tablet":{"background-color":"var(--ast-global-color-5)","background-image":"","background-repeat":"repeat","background-position":"center center","background-size":"auto","background-attachment":"scroll","background-type":"","background-media":"","overlay-type":"","overlay-color":"","overlay-opacity":"","overlay-gradient":""},"mobile":{"background-color":"var(--ast-global-color-5)","background-image":"","background-repeat":"repeat","background-position":"center center","background-size":"auto","background-attachment":"scroll","background-type":"","background-media":"","overlay-type":"","overlay-color":"","overlay-opacity":"","overlay-gradient":""}},"footnotes":""},"class_list":["post-1768","page","type-page","status-publish","has-post-thumbnail","hentry"],"yoast_head":"<!-- This site is optimized with the Yoast SEO plugin v27.5 - https:\/\/yoast.com\/product\/yoast-seo-wordpress\/ -->\n<title>Kontakt | Yerka Kosmetik<\/title>\n<meta name=\"description\" content=\"Hvis du har sp\u00f8rsm\u00e5l eller forslag, eller \u00f8nsker \u00e5 dele din mening med oss, kan du bruke kontaktskjemaet v\u00e5rt. Vi er her for \u00e5 hjelpe deg.\" \/>\n<meta name=\"robots\" content=\"index, follow, max-snippet:-1, max-image-preview:large, max-video-preview:-1\" \/>\n<link rel=\"canonical\" href=\"https:\/\/yerka-kosmetik.com\/no\/kontakt\/\" \/>\n<meta property=\"og:locale\" content=\"nb_NO\" \/>\n<meta property=\"og:type\" content=\"article\" \/>\n<meta property=\"og:title\" content=\"Kontakt | Yerka Kosmetik\" \/>\n<meta property=\"og:description\" content=\"Hvis du har sp\u00f8rsm\u00e5l eller forslag, eller \u00f8nsker \u00e5 dele din mening med oss, kan du bruke kontaktskjemaet v\u00e5rt. Vi er her for \u00e5 hjelpe deg.\" \/>\n<meta property=\"og:url\" content=\"https:\/\/yerka-kosmetik.com\/no\/kontakt\/\" \/>\n<meta property=\"og:site_name\" content=\"Yerka Kosmetik\" \/>\n<meta property=\"article:modified_time\" content=\"2026-05-11T11:18:40+00:00\" \/>\n<meta property=\"og:image\" content=\"https:\/\/yerka-kosmetik.com\/wp-content\/uploads\/2021\/05\/yerka-kosmetik-header-kundenstimme-07.jpg\" \/>\n\t<meta property=\"og:image:width\" content=\"1500\" \/>\n\t<meta property=\"og:image:height\" content=\"800\" \/>\n\t<meta property=\"og:image:type\" content=\"image\/jpeg\" \/>\n<meta name=\"twitter:card\" content=\"summary_large_image\" \/>\n<script type=\"application\/ld+json\" class=\"yoast-schema-graph\">{\"@context\":\"https:\\\/\\\/schema.org\",\"@graph\":[{\"@type\":\"WebPage\",\"@id\":\"https:\\\/\\\/yerka-kosmetik.com\\\/no\\\/kontakt\\\/\",\"url\":\"https:\\\/\\\/yerka-kosmetik.com\\\/no\\\/kontakt\\\/\",\"name\":\"Kontakt | Yerka Kosmetik\",\"isPartOf\":{\"@id\":\"https:\\\/\\\/yerka-kosmetik.com\\\/no\\\/#website\"},\"primaryImageOfPage\":{\"@id\":\"https:\\\/\\\/yerka-kosmetik.com\\\/no\\\/kontakt\\\/#primaryimage\"},\"image\":{\"@id\":\"https:\\\/\\\/yerka-kosmetik.com\\\/no\\\/kontakt\\\/#primaryimage\"},\"thumbnailUrl\":\"https:\\\/\\\/yerka-kosmetik.com\\\/wp-content\\\/uploads\\\/2021\\\/05\\\/yerka-kosmetik-header-kundenstimme-07.jpg\",\"datePublished\":\"2021-03-05T09:18:00+00:00\",\"dateModified\":\"2026-05-11T11:18:40+00:00\",\"description\":\"Hvis du har sp\u00f8rsm\u00e5l eller forslag, eller \u00f8nsker \u00e5 dele din mening med oss, kan du bruke kontaktskjemaet v\u00e5rt. Vi er her for \u00e5 hjelpe deg.\",\"breadcrumb\":{\"@id\":\"https:\\\/\\\/yerka-kosmetik.com\\\/no\\\/kontakt\\\/#breadcrumb\"},\"inLanguage\":\"nb-NO\",\"potentialAction\":[{\"@type\":\"ReadAction\",\"target\":[\"https:\\\/\\\/yerka-kosmetik.com\\\/no\\\/kontakt\\\/\"]}]},{\"@type\":\"ImageObject\",\"inLanguage\":\"nb-NO\",\"@id\":\"https:\\\/\\\/yerka-kosmetik.com\\\/no\\\/kontakt\\\/#primaryimage\",\"url\":\"https:\\\/\\\/yerka-kosmetik.com\\\/wp-content\\\/uploads\\\/2021\\\/05\\\/yerka-kosmetik-header-kundenstimme-07.jpg\",\"contentUrl\":\"https:\\\/\\\/yerka-kosmetik.com\\\/wp-content\\\/uploads\\\/2021\\\/05\\\/yerka-kosmetik-header-kundenstimme-07.jpg\",\"width\":1500,\"height\":800,\"caption\":\"Yerka deodorant og antiperspirant hjelper p\u00e5litelig mot svetteproblemer\"},{\"@type\":\"BreadcrumbList\",\"@id\":\"https:\\\/\\\/yerka-kosmetik.com\\\/no\\\/kontakt\\\/#breadcrumb\",\"itemListElement\":[{\"@type\":\"ListItem\",\"position\":1,\"name\":\"Startseite\",\"item\":\"https:\\\/\\\/yerka-kosmetik.com\\\/no\\\/\"},{\"@type\":\"ListItem\",\"position\":2,\"name\":\"Kontakt\"}]},{\"@type\":\"WebSite\",\"@id\":\"https:\\\/\\\/yerka-kosmetik.com\\\/no\\\/#website\",\"url\":\"https:\\\/\\\/yerka-kosmetik.com\\\/no\\\/\",\"name\":\"Yerka Kosmetik\",\"description\":\"Wirksame L\u00f6sung f\u00fcr jedes Schwei\u00dfproblem\",\"publisher\":{\"@id\":\"https:\\\/\\\/yerka-kosmetik.com\\\/no\\\/#organization\"},\"potentialAction\":[{\"@type\":\"SearchAction\",\"target\":{\"@type\":\"EntryPoint\",\"urlTemplate\":\"https:\\\/\\\/yerka-kosmetik.com\\\/no\\\/?s={search_term_string}\"},\"query-input\":{\"@type\":\"PropertyValueSpecification\",\"valueRequired\":true,\"valueName\":\"search_term_string\"}}],\"inLanguage\":\"nb-NO\"},{\"@type\":\"Organization\",\"@id\":\"https:\\\/\\\/yerka-kosmetik.com\\\/no\\\/#organization\",\"name\":\"Yerka Kosmetik\",\"url\":\"https:\\\/\\\/yerka-kosmetik.com\\\/no\\\/\",\"logo\":{\"@type\":\"ImageObject\",\"inLanguage\":\"nb-NO\",\"@id\":\"https:\\\/\\\/yerka-kosmetik.com\\\/no\\\/#\\\/schema\\\/logo\\\/image\\\/\",\"url\":\"https:\\\/\\\/yerka-kosmetik.com\\\/wp-content\\\/uploads\\\/2021\\\/03\\\/Yerka-kosmetik-stoppt-Transpiration-logo-mit-signet.jpg\",\"contentUrl\":\"https:\\\/\\\/yerka-kosmetik.com\\\/wp-content\\\/uploads\\\/2021\\\/03\\\/Yerka-kosmetik-stoppt-Transpiration-logo-mit-signet.jpg\",\"width\":1000,\"height\":800,\"caption\":\"Yerka Kosmetik\"},\"image\":{\"@id\":\"https:\\\/\\\/yerka-kosmetik.com\\\/no\\\/#\\\/schema\\\/logo\\\/image\\\/\"}}]}<\/script>\n<!-- \/ Yoast SEO plugin. -->","yoast_head_json":{"title":"Kontakt | Yerka Kosmetik","description":"Hvis du har sp\u00f8rsm\u00e5l eller forslag, eller \u00f8nsker \u00e5 dele din mening med oss, kan du bruke kontaktskjemaet v\u00e5rt. Vi er her for \u00e5 hjelpe deg.","robots":{"index":"index","follow":"follow","max-snippet":"max-snippet:-1","max-image-preview":"max-image-preview:large","max-video-preview":"max-video-preview:-1"},"canonical":"https:\/\/yerka-kosmetik.com\/no\/kontakt\/","og_locale":"nb_NO","og_type":"article","og_title":"Kontakt | Yerka Kosmetik","og_description":"Hvis du har sp\u00f8rsm\u00e5l eller forslag, eller \u00f8nsker \u00e5 dele din mening med oss, kan du bruke kontaktskjemaet v\u00e5rt. Vi er her for \u00e5 hjelpe deg.","og_url":"https:\/\/yerka-kosmetik.com\/no\/kontakt\/","og_site_name":"Yerka Kosmetik","article_modified_time":"2026-05-11T11:18:40+00:00","og_image":[{"width":1500,"height":800,"url":"https:\/\/yerka-kosmetik.com\/wp-content\/uploads\/2021\/05\/yerka-kosmetik-header-kundenstimme-07.jpg","type":"image\/jpeg"}],"twitter_card":"summary_large_image","schema":{"@context":"https:\/\/schema.org","@graph":[{"@type":"WebPage","@id":"https:\/\/yerka-kosmetik.com\/no\/kontakt\/","url":"https:\/\/yerka-kosmetik.com\/no\/kontakt\/","name":"Kontakt | Yerka Kosmetik","isPartOf":{"@id":"https:\/\/yerka-kosmetik.com\/no\/#website"},"primaryImageOfPage":{"@id":"https:\/\/yerka-kosmetik.com\/no\/kontakt\/#primaryimage"},"image":{"@id":"https:\/\/yerka-kosmetik.com\/no\/kontakt\/#primaryimage"},"thumbnailUrl":"https:\/\/yerka-kosmetik.com\/wp-content\/uploads\/2021\/05\/yerka-kosmetik-header-kundenstimme-07.jpg","datePublished":"2021-03-05T09:18:00+00:00","dateModified":"2026-05-11T11:18:40+00:00","description":"Hvis du har sp\u00f8rsm\u00e5l eller forslag, eller \u00f8nsker \u00e5 dele din mening med oss, kan du bruke kontaktskjemaet v\u00e5rt. Vi er her for \u00e5 hjelpe deg.","breadcrumb":{"@id":"https:\/\/yerka-kosmetik.com\/no\/kontakt\/#breadcrumb"},"inLanguage":"nb-NO","potentialAction":[{"@type":"ReadAction","target":["https:\/\/yerka-kosmetik.com\/no\/kontakt\/"]}]},{"@type":"ImageObject","inLanguage":"nb-NO","@id":"https:\/\/yerka-kosmetik.com\/no\/kontakt\/#primaryimage","url":"https:\/\/yerka-kosmetik.com\/wp-content\/uploads\/2021\/05\/yerka-kosmetik-header-kundenstimme-07.jpg","contentUrl":"https:\/\/yerka-kosmetik.com\/wp-content\/uploads\/2021\/05\/yerka-kosmetik-header-kundenstimme-07.jpg","width":1500,"height":800,"caption":"Yerka deodorant og antiperspirant hjelper p\u00e5litelig mot svetteproblemer"},{"@type":"BreadcrumbList","@id":"https:\/\/yerka-kosmetik.com\/no\/kontakt\/#breadcrumb","itemListElement":[{"@type":"ListItem","position":1,"name":"Startseite","item":"https:\/\/yerka-kosmetik.com\/no\/"},{"@type":"ListItem","position":2,"name":"Kontakt"}]},{"@type":"WebSite","@id":"https:\/\/yerka-kosmetik.com\/no\/#website","url":"https:\/\/yerka-kosmetik.com\/no\/","name":"Yerka Kosmetik","description":"Wirksame L\u00f6sung f\u00fcr jedes Schwei\u00dfproblem","publisher":{"@id":"https:\/\/yerka-kosmetik.com\/no\/#organization"},"potentialAction":[{"@type":"SearchAction","target":{"@type":"EntryPoint","urlTemplate":"https:\/\/yerka-kosmetik.com\/no\/?s={search_term_string}"},"query-input":{"@type":"PropertyValueSpecification","valueRequired":true,"valueName":"search_term_string"}}],"inLanguage":"nb-NO"},{"@type":"Organization","@id":"https:\/\/yerka-kosmetik.com\/no\/#organization","name":"Yerka Kosmetik","url":"https:\/\/yerka-kosmetik.com\/no\/","logo":{"@type":"ImageObject","inLanguage":"nb-NO","@id":"https:\/\/yerka-kosmetik.com\/no\/#\/schema\/logo\/image\/","url":"https:\/\/yerka-kosmetik.com\/wp-content\/uploads\/2021\/03\/Yerka-kosmetik-stoppt-Transpiration-logo-mit-signet.jpg","contentUrl":"https:\/\/yerka-kosmetik.com\/wp-content\/uploads\/2021\/03\/Yerka-kosmetik-stoppt-Transpiration-logo-mit-signet.jpg","width":1000,"height":800,"caption":"Yerka Kosmetik"},"image":{"@id":"https:\/\/yerka-kosmetik.com\/no\/#\/schema\/logo\/image\/"}}]}},"_links":{"self":[{"href":"https:\/\/yerka-kosmetik.com\/no\/wp-json\/wp\/v2\/pages\/1768","targetHints":{"allow":["GET"]}}],"collection":[{"href":"https:\/\/yerka-kosmetik.com\/no\/wp-json\/wp\/v2\/pages"}],"about":[{"href":"https:\/\/yerka-kosmetik.com\/no\/wp-json\/wp\/v2\/types\/page"}],"author":[{"embeddable":true,"href":"https:\/\/yerka-kosmetik.com\/no\/wp-json\/wp\/v2\/users\/1"}],"replies":[{"embeddable":true,"href":"https:\/\/yerka-kosmetik.com\/no\/wp-json\/wp\/v2\/comments?post=1768"}],"version-history":[{"count":1,"href":"https:\/\/yerka-kosmetik.com\/no\/wp-json\/wp\/v2\/pages\/1768\/revisions"}],"predecessor-version":[{"id":1770,"href":"https:\/\/yerka-kosmetik.com\/no\/wp-json\/wp\/v2\/pages\/1768\/revisions\/1770"}],"wp:featuredmedia":[{"embeddable":true,"href":"https:\/\/yerka-kosmetik.com\/no\/wp-json\/wp\/v2\/media\/1769"}],"wp:attachment":[{"href":"https:\/\/yerka-kosmetik.com\/no\/wp-json\/wp\/v2\/media?parent=1768"}],"curies":[{"name":"wp","href":"https:\/\/api.w.org\/{rel}","templated":true}]}}