{"id":1758,"date":"2021-03-05T10:19:52","date_gmt":"2021-03-05T09:19:52","guid":{"rendered":"https:\/\/yerka-kosmetik.com\/impressum\/"},"modified":"2026-05-12T13:16:48","modified_gmt":"2026-05-12T11:16:48","slug":"impressum","status":"publish","type":"page","link":"https:\/\/yerka-kosmetik.com\/no\/impressum\/","title":{"rendered":"Impressum"},"content":{"rendered":"\t\t<div data-elementor-type=\"wp-page\" data-elementor-id=\"1758\" class=\"elementor elementor-1758 elementor-77\" data-elementor-post-type=\"page\">\n\t\t\t\t\t\t<section class=\"elementor-section elementor-top-section elementor-element elementor-element-7135646 elementor-section-boxed elementor-section-height-default elementor-section-height-default\" data-id=\"7135646\" data-element_type=\"section\" data-e-type=\"section\">\n\t\t\t\t\t\t<div class=\"elementor-container elementor-column-gap-default\">\n\t\t\t\t\t<div class=\"elementor-column elementor-col-100 elementor-top-column elementor-element elementor-element-74a48f2\" data-id=\"74a48f2\" data-element_type=\"column\" data-e-type=\"column\">\n\t\t\t<div class=\"elementor-widget-wrap elementor-element-populated\">\n\t\t\t\t\t\t<div class=\"elementor-element elementor-element-9bff20e elementor-widget elementor-widget-text-editor\" data-id=\"9bff20e\" data-element_type=\"widget\" data-e-type=\"widget\" data-widget_type=\"text-editor.default\">\n\t\t\t\t<div class=\"elementor-widget-container\">\n\t\t\t\t\t\t\t\t\t<p class=\"p1\"><b>Ansvarlig for innholdet:<\/b><\/p>\n<p>Yerka Kosmetik GmbH<br>Wielandstr. 26a<br>10707 Berlin <\/p>\n<p>Telefon: +49 (0)30 881 38 76<br>Telefaks: +49 (0)30 881 74 37<br>E-post: info@yerka-kosmetik.de<\/p>\n<p>Daglig leder: Rafael Ap\u00e9lian<\/p>\n<p>Handelsregister: Tingretten Berlin-Charlottenburg, HRB 39 845 B<\/p>\n<p>MVA-identifikasjonsnummer: DE151725290<br><br>Import\u00f8r Norge:<br>Beauty Care AS<br>Berte Styris Veg 45, 2080 Eidsvoll<br>Telefon: 900 63 274<br>E-post: info@beauty-care.no<br>Web: www.beauty-care.no<br>Org.nr.: 918417052MVA<\/p>\n<p class=\"p1\"><b>Konsept og gjennomf\u00f8ring:<\/b><br><a href=\"https:\/\/motho-design.com\/\" target=\"_blank\" rel=\"noopener\">motho-design.com<\/a><\/p>\n<p><strong>Produktfotografering:<\/strong><br>Detlef Szillat, <a href=\"https:\/\/neuessichten.com\/\" target=\"_blank\" rel=\"noopener\">neuessichten.com<\/a><\/p>\n<p><strong>Andre bilder:<br><\/strong><a href=\"https:\/\/stock.adobe.com\/\" target=\"_blank\" rel=\"noopener\">Adobe Stock<\/a><\/p>\n<p><b>EU-tvistel\u00f8sning<br><\/b>EU-kommisjonen tilbyr en plattform for nettbasert tvistel\u00f8sning (OS): <a href=\"https:\/\/ec.europa.eu\/consumers\/odr\">https:\/\/ec.europa.eu\/consumers\/odr<\/a>. E-postadressen v\u00e5r finner du ovenfor i impressum. <\/p>\n<p><b>Tvistel\u00f8sning for forbrukere og universelt klageorgan<br><\/b>Vi er ikke villige eller forpliktet til \u00e5 delta i tvistel\u00f8sningsprosedyrer hos et forbrukerklageorgan.<\/p>\n<p class=\"p1\">\n<\/p>\t\t\t\t\t\t\t\t<\/div>\n\t\t\t\t<\/div>\n\t\t\t\t<div class=\"elementor-element elementor-element-ba88f06 elementor-widget elementor-widget-text-editor\" data-id=\"ba88f06\" data-element_type=\"widget\" data-e-type=\"widget\" data-widget_type=\"text-editor.default\">\n\t\t\t\t<div class=\"elementor-widget-container\">\n\t\t\t\t\t\t\t\t\t<h3 class=\"p1\"><b>Ansvarsfraskrivelse<\/b><\/h3><p class=\"p1\"><b>Ansvar for innhold<\/b><br>Innholdet p\u00e5 disse sidene er utarbeidet med st\u00f8rste omhu. Det gis imidlertid ingen garanti for innholdets riktighet, fullstendighet og aktualitet. I henhold til \u00a7 7 nr. 1 TMG er vi ansvarlige for eget innhold p\u00e5 disse sidene etter de generelle lovene. I henhold til \u00a7\u00a7 8 til 10 TMG er vi imidlertid ikke forpliktet til \u00e5 overv\u00e5ke overf\u00f8rt eller lagret tredjepartsinformasjon eller unders\u00f8ke forhold som tyder p\u00e5 ulovlig aktivitet. Forpliktelser til \u00e5 fjerne eller sperre bruken av informasjon etter de generelle lovene ber\u00f8res ikke av dette. Ansvar i denne forbindelse er imidlertid f\u00f8rst mulig fra det tidspunktet vi f\u00e5r kjennskap til et konkret lovbrudd. Ved kjennskap til tilsvarende lovbrudd vil dette innholdet bli fjernet umiddelbart.       <\/p><p class=\"p1\"><b>Ansvar for lenker<\/b><br>Nettstedet v\u00e5rt inneholder lenker til eksterne nettsteder fra tredjeparter, som vi ikke har innflytelse over innholdet til. Derfor kan vi heller ikke gi noen garanti for dette eksterne innholdet. For innholdet p\u00e5 de lenkede sidene er alltid den respektive leverand\u00f8ren eller operat\u00f8ren av sidene ansvarlig. De lenkede sidene ble kontrollert for mulige lovbrudd p\u00e5 tidspunktet for lenking. Ulovlig innhold var ikke gjenkjennelig p\u00e5 tidspunktet for lenking. En permanent innholdskontroll av de lenkede sidene er imidlertid ikke rimelig uten konkrete indikasjoner p\u00e5 et lovbrudd. Ved kjennskap til lovbrudd vil slike lenker bli fjernet umiddelbart.      <\/p><p class=\"p1\"><b>Opphavsrett<\/b><br>Innhold og verk p\u00e5 disse sidene som er utarbeidet av nettstedets operat\u00f8r, er underlagt tysk opphavsrett. Mangfoldiggj\u00f8ring, bearbeiding, distribusjon og enhver form for utnyttelse utenfor opphavsrettens grenser krever skriftlig samtykke fra den respektive forfatteren eller opphavspersonen. Nedlastinger og kopier av denne siden er kun tillatt for privat, ikke-kommersiell bruk. I den grad innholdet p\u00e5 denne siden ikke er utarbeidet av operat\u00f8ren, respekteres tredjeparts opphavsrettigheter. S\u00e6rlig blir innhold fra tredjeparter merket som s\u00e5dan. Hvis du likevel blir oppmerksom p\u00e5 et brudd p\u00e5 opphavsretten, ber vi om at du gir oss beskjed. Ved kjennskap til lovbrudd vil slikt innhold bli fjernet umiddelbart.      <\/p><p class=\"p4\"><span class=\"s2\"><a href=\"https:\/\/yerka-kosmetik.com\/no\/personvern\/\">Personvernerkl\u00e6ring<\/a><\/span><\/p><p class=\"p1\"> <\/p>\t\t\t\t\t\t\t\t<\/div>\n\t\t\t\t<\/div>\n\t\t\t\t\t<\/div>\n\t\t<\/div>\n\t\t\t\t\t<\/div>\n\t\t<\/section>\n\t\t\t\t<\/div>\n\t\t","protected":false},"excerpt":{"rendered":"<p>Ansvarlig for innholdet: Yerka Kosmetik GmbHWielandstr. 26a10707 Berlin Telefon: +49 (0)30 881 38 76Telefaks: +49 (0)30 881 74 37E-post: info@yerka-kosmetik.de Daglig leder: Rafael Ap\u00e9lian Handelsregister: Tingretten Berlin-Charlottenburg, HRB 39 845 B MVA-identifikasjonsnummer: DE151725290 Import\u00f8r Norge:Beauty Care ASBerte Styris Veg 45, 2080 EidsvollTelefon: 900 63 274E-post: info@beauty-care.noWeb: www.beauty-care.noOrg.nr.: 918417052MVA Konsept og gjennomf\u00f8ring:motho-design.com Produktfotografering:Detlef Szillat, neuessichten.com Andre [&hellip;]<\/p>\n","protected":false},"author":1,"featured_media":0,"parent":0,"menu_order":99,"comment_status":"closed","ping_status":"closed","template":"","meta":{"site-sidebar-layout":"default","site-content-layout":"default","ast-site-content-layout":"default","site-content-style":"default","site-sidebar-style":"default","ast-global-header-display":"","ast-banner-title-visibility":"","ast-main-header-display":"","ast-hfb-above-header-display":"","ast-hfb-below-header-display":"","ast-hfb-mobile-header-display":"","site-post-title":"disabled","ast-breadcrumbs-content":"disabled","ast-featured-img":"","footer-sml-layout":"","ast-disable-related-posts":"","theme-transparent-header-meta":"disabled","adv-header-id-meta":"","stick-header-meta":"default","header-above-stick-meta":"","header-main-stick-meta":"","header-below-stick-meta":"","astra-migrate-meta-layouts":"default","ast-page-background-enabled":"default","ast-page-background-meta":{"desktop":{"background-color":"","background-image":"","background-repeat":"repeat","background-position":"center center","background-size":"auto","background-attachment":"scroll","background-type":"","background-media":"","overlay-type":"","overlay-color":"","overlay-opacity":"","overlay-gradient":""},"tablet":{"background-color":"","background-image":"","background-repeat":"repeat","background-position":"center center","background-size":"auto","background-attachment":"scroll","background-type":"","background-media":"","overlay-type":"","overlay-color":"","overlay-opacity":"","overlay-gradient":""},"mobile":{"background-color":"","background-image":"","background-repeat":"repeat","background-position":"center center","background-size":"auto","background-attachment":"scroll","background-type":"","background-media":"","overlay-type":"","overlay-color":"","overlay-opacity":"","overlay-gradient":""}},"ast-content-background-meta":{"desktop":{"background-color":"var(--ast-global-color-5)","background-image":"","background-repeat":"repeat","background-position":"center center","background-size":"auto","background-attachment":"scroll","background-type":"","background-media":"","overlay-type":"","overlay-color":"","overlay-opacity":"","overlay-gradient":""},"tablet":{"background-color":"var(--ast-global-color-5)","background-image":"","background-repeat":"repeat","background-position":"center center","background-size":"auto","background-attachment":"scroll","background-type":"","background-media":"","overlay-type":"","overlay-color":"","overlay-opacity":"","overlay-gradient":""},"mobile":{"background-color":"var(--ast-global-color-5)","background-image":"","background-repeat":"repeat","background-position":"center center","background-size":"auto","background-attachment":"scroll","background-type":"","background-media":"","overlay-type":"","overlay-color":"","overlay-opacity":"","overlay-gradient":""}},"footnotes":""},"class_list":["post-1758","page","type-page","status-publish","hentry"],"yoast_head":"<!-- This site is optimized with the Yoast SEO plugin v27.5 - https:\/\/yoast.com\/product\/yoast-seo-wordpress\/ -->\n<title>Impressum | Yerka Kosmetik<\/title>\n<meta name=\"robots\" content=\"index, follow, max-snippet:-1, max-image-preview:large, max-video-preview:-1\" \/>\n<link rel=\"canonical\" href=\"https:\/\/yerka-kosmetik.com\/no\/impressum\/\" \/>\n<meta property=\"og:locale\" content=\"nb_NO\" \/>\n<meta property=\"og:type\" content=\"article\" \/>\n<meta property=\"og:title\" content=\"Impressum | Yerka Kosmetik\" \/>\n<meta property=\"og:description\" content=\"Ansvarlig for innholdet: Yerka Kosmetik GmbHWielandstr. 26a10707 Berlin Telefon: +49 (0)30 881 38 76Telefaks: +49 (0)30 881 74 37E-post: info@yerka-kosmetik.de Daglig leder: Rafael Ap\u00e9lian Handelsregister: Tingretten Berlin-Charlottenburg, HRB 39 845 B MVA-identifikasjonsnummer: DE151725290 Import\u00f8r Norge:Beauty Care ASBerte Styris Veg 45, 2080 EidsvollTelefon: 900 63 274E-post: info@beauty-care.noWeb: www.beauty-care.noOrg.nr.: 918417052MVA Konsept og gjennomf\u00f8ring:motho-design.com Produktfotografering:Detlef Szillat, neuessichten.com Andre [&hellip;]\" \/>\n<meta property=\"og:url\" content=\"https:\/\/yerka-kosmetik.com\/no\/impressum\/\" \/>\n<meta property=\"og:site_name\" content=\"Yerka Kosmetik\" \/>\n<meta property=\"article:modified_time\" content=\"2026-05-12T11:16:48+00:00\" \/>\n<meta name=\"twitter:card\" content=\"summary_large_image\" \/>\n<meta name=\"twitter:label1\" content=\"Ansl. lesetid\" \/>\n\t<meta name=\"twitter:data1\" content=\"2 minutter\" \/>\n<script type=\"application\/ld+json\" class=\"yoast-schema-graph\">{\"@context\":\"https:\\\/\\\/schema.org\",\"@graph\":[{\"@type\":\"WebPage\",\"@id\":\"https:\\\/\\\/yerka-kosmetik.com\\\/no\\\/impressum\\\/\",\"url\":\"https:\\\/\\\/yerka-kosmetik.com\\\/no\\\/impressum\\\/\",\"name\":\"Impressum | Yerka Kosmetik\",\"isPartOf\":{\"@id\":\"https:\\\/\\\/yerka-kosmetik.com\\\/no\\\/#website\"},\"datePublished\":\"2021-03-05T09:19:52+00:00\",\"dateModified\":\"2026-05-12T11:16:48+00:00\",\"breadcrumb\":{\"@id\":\"https:\\\/\\\/yerka-kosmetik.com\\\/no\\\/impressum\\\/#breadcrumb\"},\"inLanguage\":\"nb-NO\",\"potentialAction\":[{\"@type\":\"ReadAction\",\"target\":[\"https:\\\/\\\/yerka-kosmetik.com\\\/no\\\/impressum\\\/\"]}]},{\"@type\":\"BreadcrumbList\",\"@id\":\"https:\\\/\\\/yerka-kosmetik.com\\\/no\\\/impressum\\\/#breadcrumb\",\"itemListElement\":[{\"@type\":\"ListItem\",\"position\":1,\"name\":\"Startseite\",\"item\":\"https:\\\/\\\/yerka-kosmetik.com\\\/no\\\/\"},{\"@type\":\"ListItem\",\"position\":2,\"name\":\"Impressum\"}]},{\"@type\":\"WebSite\",\"@id\":\"https:\\\/\\\/yerka-kosmetik.com\\\/no\\\/#website\",\"url\":\"https:\\\/\\\/yerka-kosmetik.com\\\/no\\\/\",\"name\":\"Yerka Kosmetik\",\"description\":\"Wirksame L\u00f6sung f\u00fcr jedes Schwei\u00dfproblem\",\"publisher\":{\"@id\":\"https:\\\/\\\/yerka-kosmetik.com\\\/no\\\/#organization\"},\"potentialAction\":[{\"@type\":\"SearchAction\",\"target\":{\"@type\":\"EntryPoint\",\"urlTemplate\":\"https:\\\/\\\/yerka-kosmetik.com\\\/no\\\/?s={search_term_string}\"},\"query-input\":{\"@type\":\"PropertyValueSpecification\",\"valueRequired\":true,\"valueName\":\"search_term_string\"}}],\"inLanguage\":\"nb-NO\"},{\"@type\":\"Organization\",\"@id\":\"https:\\\/\\\/yerka-kosmetik.com\\\/no\\\/#organization\",\"name\":\"Yerka Kosmetik\",\"url\":\"https:\\\/\\\/yerka-kosmetik.com\\\/no\\\/\",\"logo\":{\"@type\":\"ImageObject\",\"inLanguage\":\"nb-NO\",\"@id\":\"https:\\\/\\\/yerka-kosmetik.com\\\/no\\\/#\\\/schema\\\/logo\\\/image\\\/\",\"url\":\"https:\\\/\\\/yerka-kosmetik.com\\\/wp-content\\\/uploads\\\/2021\\\/03\\\/Yerka-kosmetik-stoppt-Transpiration-logo-mit-signet.jpg\",\"contentUrl\":\"https:\\\/\\\/yerka-kosmetik.com\\\/wp-content\\\/uploads\\\/2021\\\/03\\\/Yerka-kosmetik-stoppt-Transpiration-logo-mit-signet.jpg\",\"width\":1000,\"height\":800,\"caption\":\"Yerka Kosmetik\"},\"image\":{\"@id\":\"https:\\\/\\\/yerka-kosmetik.com\\\/no\\\/#\\\/schema\\\/logo\\\/image\\\/\"}}]}<\/script>\n<!-- \/ Yoast SEO plugin. -->","yoast_head_json":{"title":"Impressum | Yerka Kosmetik","robots":{"index":"index","follow":"follow","max-snippet":"max-snippet:-1","max-image-preview":"max-image-preview:large","max-video-preview":"max-video-preview:-1"},"canonical":"https:\/\/yerka-kosmetik.com\/no\/impressum\/","og_locale":"nb_NO","og_type":"article","og_title":"Impressum | Yerka Kosmetik","og_description":"Ansvarlig for innholdet: Yerka Kosmetik GmbHWielandstr. 26a10707 Berlin Telefon: +49 (0)30 881 38 76Telefaks: +49 (0)30 881 74 37E-post: info@yerka-kosmetik.de Daglig leder: Rafael Ap\u00e9lian Handelsregister: Tingretten Berlin-Charlottenburg, HRB 39 845 B MVA-identifikasjonsnummer: DE151725290 Import\u00f8r Norge:Beauty Care ASBerte Styris Veg 45, 2080 EidsvollTelefon: 900 63 274E-post: info@beauty-care.noWeb: www.beauty-care.noOrg.nr.: 918417052MVA Konsept og gjennomf\u00f8ring:motho-design.com Produktfotografering:Detlef Szillat, neuessichten.com Andre [&hellip;]","og_url":"https:\/\/yerka-kosmetik.com\/no\/impressum\/","og_site_name":"Yerka Kosmetik","article_modified_time":"2026-05-12T11:16:48+00:00","twitter_card":"summary_large_image","twitter_misc":{"Ansl. lesetid":"2 minutter"},"schema":{"@context":"https:\/\/schema.org","@graph":[{"@type":"WebPage","@id":"https:\/\/yerka-kosmetik.com\/no\/impressum\/","url":"https:\/\/yerka-kosmetik.com\/no\/impressum\/","name":"Impressum | Yerka Kosmetik","isPartOf":{"@id":"https:\/\/yerka-kosmetik.com\/no\/#website"},"datePublished":"2021-03-05T09:19:52+00:00","dateModified":"2026-05-12T11:16:48+00:00","breadcrumb":{"@id":"https:\/\/yerka-kosmetik.com\/no\/impressum\/#breadcrumb"},"inLanguage":"nb-NO","potentialAction":[{"@type":"ReadAction","target":["https:\/\/yerka-kosmetik.com\/no\/impressum\/"]}]},{"@type":"BreadcrumbList","@id":"https:\/\/yerka-kosmetik.com\/no\/impressum\/#breadcrumb","itemListElement":[{"@type":"ListItem","position":1,"name":"Startseite","item":"https:\/\/yerka-kosmetik.com\/no\/"},{"@type":"ListItem","position":2,"name":"Impressum"}]},{"@type":"WebSite","@id":"https:\/\/yerka-kosmetik.com\/no\/#website","url":"https:\/\/yerka-kosmetik.com\/no\/","name":"Yerka Kosmetik","description":"Wirksame L\u00f6sung f\u00fcr jedes Schwei\u00dfproblem","publisher":{"@id":"https:\/\/yerka-kosmetik.com\/no\/#organization"},"potentialAction":[{"@type":"SearchAction","target":{"@type":"EntryPoint","urlTemplate":"https:\/\/yerka-kosmetik.com\/no\/?s={search_term_string}"},"query-input":{"@type":"PropertyValueSpecification","valueRequired":true,"valueName":"search_term_string"}}],"inLanguage":"nb-NO"},{"@type":"Organization","@id":"https:\/\/yerka-kosmetik.com\/no\/#organization","name":"Yerka Kosmetik","url":"https:\/\/yerka-kosmetik.com\/no\/","logo":{"@type":"ImageObject","inLanguage":"nb-NO","@id":"https:\/\/yerka-kosmetik.com\/no\/#\/schema\/logo\/image\/","url":"https:\/\/yerka-kosmetik.com\/wp-content\/uploads\/2021\/03\/Yerka-kosmetik-stoppt-Transpiration-logo-mit-signet.jpg","contentUrl":"https:\/\/yerka-kosmetik.com\/wp-content\/uploads\/2021\/03\/Yerka-kosmetik-stoppt-Transpiration-logo-mit-signet.jpg","width":1000,"height":800,"caption":"Yerka Kosmetik"},"image":{"@id":"https:\/\/yerka-kosmetik.com\/no\/#\/schema\/logo\/image\/"}}]}},"_links":{"self":[{"href":"https:\/\/yerka-kosmetik.com\/no\/wp-json\/wp\/v2\/pages\/1758","targetHints":{"allow":["GET"]}}],"collection":[{"href":"https:\/\/yerka-kosmetik.com\/no\/wp-json\/wp\/v2\/pages"}],"about":[{"href":"https:\/\/yerka-kosmetik.com\/no\/wp-json\/wp\/v2\/types\/page"}],"author":[{"embeddable":true,"href":"https:\/\/yerka-kosmetik.com\/no\/wp-json\/wp\/v2\/users\/1"}],"replies":[{"embeddable":true,"href":"https:\/\/yerka-kosmetik.com\/no\/wp-json\/wp\/v2\/comments?post=1758"}],"version-history":[{"count":7,"href":"https:\/\/yerka-kosmetik.com\/no\/wp-json\/wp\/v2\/pages\/1758\/revisions"}],"predecessor-version":[{"id":2010,"href":"https:\/\/yerka-kosmetik.com\/no\/wp-json\/wp\/v2\/pages\/1758\/revisions\/2010"}],"wp:attachment":[{"href":"https:\/\/yerka-kosmetik.com\/no\/wp-json\/wp\/v2\/media?parent=1758"}],"curies":[{"name":"wp","href":"https:\/\/api.w.org\/{rel}","templated":true}]}}