{"id":1692,"date":"2026-05-08T18:57:30","date_gmt":"2026-05-08T16:57:30","guid":{"rendered":"https:\/\/yerka-kosmetik.com\/historie\/"},"modified":"2026-05-11T15:46:04","modified_gmt":"2026-05-11T13:46:04","slug":"historie","status":"publish","type":"page","link":"https:\/\/yerka-kosmetik.com\/no\/historie\/","title":{"rendered":"Historie"},"content":{"rendered":"\t\t<div data-elementor-type=\"wp-page\" data-elementor-id=\"1692\" class=\"elementor elementor-1692 elementor-1563\" data-elementor-post-type=\"page\">\n\t\t\t\t<div class=\"elementor-element elementor-element-37e8e09 e-con-full e-flex e-con e-parent\" data-id=\"37e8e09\" data-element_type=\"container\" data-e-type=\"container\">\n\t\t\t\t<div class=\"elementor-element elementor-element-4a6d4a9 elementor-skin-carousel elementor-arrows-yes elementor-pagination-type-bullets elementor-pagination-position-outside elementor-widget elementor-widget-media-carousel\" data-id=\"4a6d4a9\" data-element_type=\"widget\" data-e-type=\"widget\" data-settings=\"{&quot;slides_per_view&quot;:&quot;3&quot;,&quot;slides_to_scroll&quot;:&quot;1&quot;,&quot;skin&quot;:&quot;carousel&quot;,&quot;effect&quot;:&quot;slide&quot;,&quot;show_arrows&quot;:&quot;yes&quot;,&quot;pagination&quot;:&quot;bullets&quot;,&quot;speed&quot;:500,&quot;autoplay&quot;:&quot;yes&quot;,&quot;autoplay_speed&quot;:5000,&quot;loop&quot;:&quot;yes&quot;,&quot;pause_on_hover&quot;:&quot;yes&quot;,&quot;pause_on_interaction&quot;:&quot;yes&quot;,&quot;space_between&quot;:{&quot;unit&quot;:&quot;px&quot;,&quot;size&quot;:10,&quot;sizes&quot;:[]},&quot;space_between_tablet&quot;:{&quot;unit&quot;:&quot;px&quot;,&quot;size&quot;:10,&quot;sizes&quot;:[]},&quot;space_between_mobile&quot;:{&quot;unit&quot;:&quot;px&quot;,&quot;size&quot;:10,&quot;sizes&quot;:[]}}\" data-widget_type=\"media-carousel.default\">\n\t\t\t\t<div class=\"elementor-widget-container\">\n\t\t\t\t\t\t\t\t\t<div class=\"elementor-swiper\">\n\t\t\t\t\t<div class=\"elementor-main-swiper swiper\" role=\"region\" aria-roledescription=\"carousel\" aria-label=\"Slider\">\n\t\t\t\t<div class=\"swiper-wrapper\">\n\t\t\t\t\t\t\t\t\t\t\t<div class=\"swiper-slide\" role=\"group\" aria-roledescription=\"slide\">\n\t\t\t\t\t\t\t\t\t<div class=\"elementor-carousel-image\" role=\"img\" aria-label=\"Yerka-historie-11\" style=\"background-image: url(&#039;https:\/\/yerka-kosmetik.com\/wp-content\/uploads\/2026\/05\/Yerka-Historie-11.jpg&#039;)\">\n\n\t\t\t\n\t\t\t\t\t<\/div>\n\t\t\t\t\t\t\t\t<\/div>\n\t\t\t\t\t\t\t\t\t\t\t<div class=\"swiper-slide\" role=\"group\" aria-roledescription=\"slide\">\n\t\t\t\t\t\t\t\t\t<div class=\"elementor-carousel-image\" role=\"img\" aria-label=\"Yerka-historie-04\" style=\"background-image: url(&#039;https:\/\/yerka-kosmetik.com\/wp-content\/uploads\/2026\/05\/Yerka-Historie-04.jpg&#039;)\">\n\n\t\t\t\n\t\t\t\t\t<\/div>\n\t\t\t\t\t\t\t\t<\/div>\n\t\t\t\t\t\t\t\t\t\t\t<div class=\"swiper-slide\" role=\"group\" aria-roledescription=\"slide\">\n\t\t\t\t\t\t\t\t\t<div class=\"elementor-carousel-image\" role=\"img\" aria-label=\"Yerka-historie-03\" style=\"background-image: url(&#039;https:\/\/yerka-kosmetik.com\/wp-content\/uploads\/2026\/05\/Yerka-Historie-03.jpg&#039;)\">\n\n\t\t\t\n\t\t\t\t\t<\/div>\n\t\t\t\t\t\t\t\t<\/div>\n\t\t\t\t\t\t\t\t\t\t\t<div class=\"swiper-slide\" role=\"group\" aria-roledescription=\"slide\">\n\t\t\t\t\t\t\t\t\t<div class=\"elementor-carousel-image\" role=\"img\" aria-label=\"Yerka-historie-06\" style=\"background-image: url(&#039;https:\/\/yerka-kosmetik.com\/wp-content\/uploads\/2026\/05\/Yerka-Historie-06.jpg&#039;)\">\n\n\t\t\t\n\t\t\t\t\t<\/div>\n\t\t\t\t\t\t\t\t<\/div>\n\t\t\t\t\t\t\t\t\t\t\t<div class=\"swiper-slide\" role=\"group\" aria-roledescription=\"slide\">\n\t\t\t\t\t\t\t\t\t<div class=\"elementor-carousel-image\" role=\"img\" aria-label=\"Yerka-historie-01\" style=\"background-image: url(&#039;https:\/\/yerka-kosmetik.com\/wp-content\/uploads\/2026\/05\/Yerka-Historie-01.jpg&#039;)\">\n\n\t\t\t\n\t\t\t\t\t<\/div>\n\t\t\t\t\t\t\t\t<\/div>\n\t\t\t\t\t\t\t\t\t<\/div>\n\t\t\t\t\t\t\t\t\t\t\t\t\t\t\t<div class=\"elementor-swiper-button elementor-swiper-button-prev\" role=\"button\" tabindex=\"0\" aria-label=\"Previous\">\n\t\t\t\t\t\t\t<i aria-hidden=\"true\" class=\"eicon-chevron-left\"><\/i>\t\t\t\t\t\t<\/div>\n\t\t\t\t\t\t<div class=\"elementor-swiper-button elementor-swiper-button-next\" role=\"button\" tabindex=\"0\" aria-label=\"Next\">\n\t\t\t\t\t\t\t<i aria-hidden=\"true\" class=\"eicon-chevron-right\"><\/i>\t\t\t\t\t\t<\/div>\n\t\t\t\t\t\t\t\t\t\t\t\t\t\t\t\t<div class=\"swiper-pagination\"><\/div>\n\t\t\t\t\t\t\t\t\t\t\t\t<\/div>\n\t\t\t\t<\/div>\n\t\t\t\t\t\t\t\t<\/div>\n\t\t\t\t<\/div>\n\t\t\t\t<\/div>\n\t\t<div class=\"elementor-element elementor-element-709e27b e-flex e-con-boxed e-con e-parent\" data-id=\"709e27b\" data-element_type=\"container\" data-e-type=\"container\">\n\t\t\t\t\t<div class=\"e-con-inner\">\n\t\t\t\t<div class=\"elementor-element elementor-element-e3b57e0 elementor-widget elementor-widget-heading\" data-id=\"e3b57e0\" data-element_type=\"widget\" data-e-type=\"widget\" data-widget_type=\"heading.default\">\n\t\t\t\t<div class=\"elementor-widget-container\">\n\t\t\t\t\t<h1 class=\"elementor-heading-title elementor-size-default\">En original fra Berlin siden det glade 20-tallet<\/h1>\t\t\t\t<\/div>\n\t\t\t\t<\/div>\n\t\t\t\t\t<\/div>\n\t\t\t\t<\/div>\n\t\t<div class=\"elementor-element elementor-element-057c989 e-flex e-con-boxed elementor-invisible e-con e-parent\" data-id=\"057c989\" data-element_type=\"container\" data-e-type=\"container\" data-settings=\"{&quot;animation&quot;:&quot;fadeInUp&quot;}\">\n\t\t\t\t\t<div class=\"e-con-inner\">\n\t\t<div class=\"elementor-element elementor-element-d997c0a e-con-full e-flex elementor-invisible e-con e-child\" data-id=\"d997c0a\" data-element_type=\"container\" data-e-type=\"container\" data-settings=\"{&quot;animation&quot;:&quot;fadeInUp&quot;}\">\n\t\t\t\t<div class=\"elementor-element elementor-element-56bc99f elementor-widget elementor-widget-text-editor\" data-id=\"56bc99f\" data-element_type=\"widget\" data-e-type=\"widget\" data-widget_type=\"text-editor.default\">\n\t\t\t\t<div class=\"elementor-widget-container\">\n\t\t\t\t\t\t\t\t\t<p data-section-id=\"1fgecr9\" data-start=\"55\" data-end=\"92\"><strong>Skapt for Berlins scener:<\/strong> <br>Yerka ble til i det glade 20-tallet \u2013 midt i det pulserende Berlin mellom lysende teaterfasader, r\u00f8ykfylte kabareter og glamor\u00f8se varieteer. Antiperspiranten ble utviklet for kunstnere, dansere og ensembler som sto under lyskasterne kveld etter kveld og leverte topprestasjoner. Via sceneinngangene til Berlins teatre fant Yerka veien direkte bak kulissene \u2013 til menneskene som m\u00e5tte f\u00f8le seg trygge tross varme, sceneskrekk og svettefremkallende opptredener.<\/p><p data-start=\"622\" data-end=\"812\">Det som den gang startet som et lite vidundermiddel for Berlins scene-verden, har gjennom generasjoner blitt en p\u00e5litelig f\u00f8lgesvenn mot plagsomme svetteutbrudd og usikkerhet i hverdagen.<\/p>\t\t\t\t\t\t\t\t<\/div>\n\t\t\t\t<\/div>\n\t\t\t\t<div class=\"elementor-element elementor-element-ea9e120 elementor-widget elementor-widget-image\" data-id=\"ea9e120\" data-element_type=\"widget\" data-e-type=\"widget\" data-widget_type=\"image.default\">\n\t\t\t\t<div class=\"elementor-widget-container\">\n\t\t\t\t\t\t\t\t\t\t\t\t\t\t\t<img fetchpriority=\"high\" decoding=\"async\" width=\"800\" height=\"179\" src=\"https:\/\/yerka-kosmetik.com\/wp-content\/uploads\/2026\/05\/Yerka-Antitranspirant-CREATED-AND-PRODUCED-IN-BERLIN-SINCE-1927-06.png\" class=\"attachment-large size-large wp-image-1704\" alt=\"\" srcset=\"https:\/\/yerka-kosmetik.com\/wp-content\/uploads\/2026\/05\/Yerka-Antitranspirant-CREATED-AND-PRODUCED-IN-BERLIN-SINCE-1927-06.png 800w, https:\/\/yerka-kosmetik.com\/wp-content\/uploads\/2026\/05\/Yerka-Antitranspirant-CREATED-AND-PRODUCED-IN-BERLIN-SINCE-1927-06-300x67.png 300w, https:\/\/yerka-kosmetik.com\/wp-content\/uploads\/2026\/05\/Yerka-Antitranspirant-CREATED-AND-PRODUCED-IN-BERLIN-SINCE-1927-06-768x172.png 768w\" sizes=\"(max-width: 800px) 100vw, 800px\" \/>\t\t\t\t\t\t\t\t\t\t\t\t\t\t\t<\/div>\n\t\t\t\t<\/div>\n\t\t\t\t<\/div>\n\t\t<div class=\"elementor-element elementor-element-1be4992 e-con-full e-flex elementor-invisible e-con e-child\" data-id=\"1be4992\" data-element_type=\"container\" data-e-type=\"container\" data-settings=\"{&quot;animation&quot;:&quot;fadeInUp&quot;}\">\n\t\t\t\t<div class=\"elementor-element elementor-element-6278363 elementor-widget elementor-widget-image\" data-id=\"6278363\" data-element_type=\"widget\" data-e-type=\"widget\" data-widget_type=\"image.default\">\n\t\t\t\t<div class=\"elementor-widget-container\">\n\t\t\t\t\t\t\t\t\t\t\t\t\t\t\t<img decoding=\"async\" width=\"1000\" height=\"785\" src=\"https:\/\/yerka-kosmetik.com\/wp-content\/uploads\/2026\/05\/Yerka-Antitranspirant-CREATED-AND-PRODUCED-IN-BERLIN-SINCE-1927-10.jpg\" class=\"attachment-large size-large wp-image-1702\" alt=\"\" srcset=\"https:\/\/yerka-kosmetik.com\/wp-content\/uploads\/2026\/05\/Yerka-Antitranspirant-CREATED-AND-PRODUCED-IN-BERLIN-SINCE-1927-10.jpg 1000w, https:\/\/yerka-kosmetik.com\/wp-content\/uploads\/2026\/05\/Yerka-Antitranspirant-CREATED-AND-PRODUCED-IN-BERLIN-SINCE-1927-10-300x236.jpg 300w, https:\/\/yerka-kosmetik.com\/wp-content\/uploads\/2026\/05\/Yerka-Antitranspirant-CREATED-AND-PRODUCED-IN-BERLIN-SINCE-1927-10-768x603.jpg 768w\" sizes=\"(max-width: 1000px) 100vw, 1000px\" \/>\t\t\t\t\t\t\t\t\t\t\t\t\t\t\t<\/div>\n\t\t\t\t<\/div>\n\t\t\t\t<\/div>\n\t\t\t\t\t<\/div>\n\t\t\t\t<\/div>\n\t\t<div class=\"elementor-element elementor-element-1a2c651 e-flex e-con-boxed elementor-invisible e-con e-parent\" data-id=\"1a2c651\" data-element_type=\"container\" data-e-type=\"container\" data-settings=\"{&quot;animation&quot;:&quot;fadeInUp&quot;}\">\n\t\t\t\t\t<div class=\"e-con-inner\">\n\t\t<div class=\"elementor-element elementor-element-e594e5b e-con-full e-flex e-con e-child\" data-id=\"e594e5b\" data-element_type=\"container\" data-e-type=\"container\">\n\t\t\t\t<div class=\"elementor-element elementor-element-360b0d0 elementor-invisible elementor-widget elementor-widget-text-editor\" data-id=\"360b0d0\" data-element_type=\"widget\" data-e-type=\"widget\" data-settings=\"{&quot;_animation&quot;:&quot;fadeInUp&quot;}\" data-widget_type=\"text-editor.default\">\n\t\t\t\t<div class=\"elementor-widget-container\">\n\t\t\t\t\t\t\t\t\t<p data-start=\"850\" data-end=\"1138\"><strong>Familiebedrift fra Berlin.<\/strong> <br>Siden grunnleggelsen har Yerka blitt produsert i Berlin-Charlottenburg \u2013 og er den dag i dag en familieeid bedrift. I en tid der mye har blitt flyktig, forblir Yerka tro mot sin tradisjon: utviklet, produsert og videref\u00f8rt som familiebedrift i Berlin.<\/p><p data-start=\"1140\" data-end=\"1348\">I nesten et \u00e5rhundre har Yerka bevist sin verdi som antiperspirant p\u00e5 markedet. Mennesker som plages med svetteproblemer, har i ti\u00e5r stolt p\u00e5 Yerkas fremragende virkning for mer trygghet og livsglede.<\/p>\t\t\t\t\t\t\t\t<\/div>\n\t\t\t\t<\/div>\n\t\t\t\t<div class=\"elementor-element elementor-element-38da35a elementor-widget elementor-widget-button\" data-id=\"38da35a\" data-element_type=\"widget\" data-e-type=\"widget\" data-widget_type=\"button.default\">\n\t\t\t\t<div class=\"elementor-widget-container\">\n\t\t\t\t\t\t\t\t\t<div class=\"elementor-button-wrapper\">\n\t\t\t\t\t<a class=\"elementor-button elementor-button-link elementor-size-sm\" href=\"https:\/\/yerka-kosmetik.com\/no\/spoersmaal-og-svar\/\">\n\t\t\t\t\t\t<span class=\"elementor-button-content-wrapper\">\n\t\t\t\t\t\t\t\t\t<span class=\"elementor-button-text\">Ofte stilte sp\u00f8rsm\u00e5l og svar<\/span>\n\t\t\t\t\t<\/span>\n\t\t\t\t\t<\/a>\n\t\t\t\t<\/div>\n\t\t\t\t\t\t\t\t<\/div>\n\t\t\t\t<\/div>\n\t\t\t\t<\/div>\n\t\t<div class=\"elementor-element elementor-element-c56effc e-con-full e-flex e-con e-child\" data-id=\"c56effc\" data-element_type=\"container\" data-e-type=\"container\">\n\t\t\t\t<div class=\"elementor-element elementor-element-d2ee808 elementor-invisible elementor-widget elementor-widget-image\" data-id=\"d2ee808\" data-element_type=\"widget\" data-e-type=\"widget\" data-settings=\"{&quot;_animation&quot;:&quot;fadeInUp&quot;}\" data-widget_type=\"image.default\">\n\t\t\t\t<div class=\"elementor-widget-container\">\n\t\t\t\t\t\t\t\t\t\t\t\t\t\t\t<img decoding=\"async\" width=\"1000\" height=\"785\" src=\"https:\/\/yerka-kosmetik.com\/wp-content\/uploads\/2026\/05\/Yerka-Antitranspirant-CREATED-AND-PRODUCED-IN-BERLIN-SINCE-1927-08.jpg\" class=\"attachment-large size-large wp-image-1701\" alt=\"\" srcset=\"https:\/\/yerka-kosmetik.com\/wp-content\/uploads\/2026\/05\/Yerka-Antitranspirant-CREATED-AND-PRODUCED-IN-BERLIN-SINCE-1927-08.jpg 1000w, https:\/\/yerka-kosmetik.com\/wp-content\/uploads\/2026\/05\/Yerka-Antitranspirant-CREATED-AND-PRODUCED-IN-BERLIN-SINCE-1927-08-300x236.jpg 300w, https:\/\/yerka-kosmetik.com\/wp-content\/uploads\/2026\/05\/Yerka-Antitranspirant-CREATED-AND-PRODUCED-IN-BERLIN-SINCE-1927-08-768x603.jpg 768w\" sizes=\"(max-width: 1000px) 100vw, 1000px\" \/>\t\t\t\t\t\t\t\t\t\t\t\t\t\t\t<\/div>\n\t\t\t\t<\/div>\n\t\t\t\t<\/div>\n\t\t\t\t\t<\/div>\n\t\t\t\t<\/div>\n\t\t\t\t<\/div>\n\t\t","protected":false},"excerpt":{"rendered":"<p>En original fra Berlin siden det glade 20-tallet Skapt for Berlins scener: Yerka ble til i det glade 20-tallet \u2013 midt i det pulserende Berlin mellom lysende teaterfasader, r\u00f8ykfylte kabareter og glamor\u00f8se varieteer. Antiperspiranten ble utviklet for kunstnere, dansere og ensembler som sto under lyskasterne kveld etter kveld og leverte topprestasjoner. Via sceneinngangene til Berlins [&hellip;]<\/p>\n","protected":false},"author":1,"featured_media":1703,"parent":0,"menu_order":3,"comment_status":"closed","ping_status":"closed","template":"elementor_header_footer","meta":{"site-sidebar-layout":"no-sidebar","site-content-layout":"page-builder","ast-site-content-layout":"full-width-container","site-content-style":"unboxed","site-sidebar-style":"unboxed","ast-global-header-display":"","ast-banner-title-visibility":"","ast-main-header-display":"","ast-hfb-above-header-display":"","ast-hfb-below-header-display":"","ast-hfb-mobile-header-display":"","site-post-title":"disabled","ast-breadcrumbs-content":"disabled","ast-featured-img":"disabled","footer-sml-layout":"","ast-disable-related-posts":"","theme-transparent-header-meta":"disabled","adv-header-id-meta":"","stick-header-meta":"default","header-above-stick-meta":"","header-main-stick-meta":"","header-below-stick-meta":"","astra-migrate-meta-layouts":"default","ast-page-background-enabled":"default","ast-page-background-meta":{"desktop":{"background-color":"","background-image":"","background-repeat":"repeat","background-position":"center center","background-size":"auto","background-attachment":"scroll","background-type":"","background-media":"","overlay-type":"","overlay-color":"","overlay-opacity":"","overlay-gradient":""},"tablet":{"background-color":"","background-image":"","background-repeat":"repeat","background-position":"center center","background-size":"auto","background-attachment":"scroll","background-type":"","background-media":"","overlay-type":"","overlay-color":"","overlay-opacity":"","overlay-gradient":""},"mobile":{"background-color":"","background-image":"","background-repeat":"repeat","background-position":"center center","background-size":"auto","background-attachment":"scroll","background-type":"","background-media":"","overlay-type":"","overlay-color":"","overlay-opacity":"","overlay-gradient":""}},"ast-content-background-meta":{"desktop":{"background-color":"var(--ast-global-color-5)","background-image":"","background-repeat":"repeat","background-position":"center center","background-size":"auto","background-attachment":"scroll","background-type":"","background-media":"","overlay-type":"","overlay-color":"","overlay-opacity":"","overlay-gradient":""},"tablet":{"background-color":"var(--ast-global-color-5)","background-image":"","background-repeat":"repeat","background-position":"center center","background-size":"auto","background-attachment":"scroll","background-type":"","background-media":"","overlay-type":"","overlay-color":"","overlay-opacity":"","overlay-gradient":""},"mobile":{"background-color":"var(--ast-global-color-5)","background-image":"","background-repeat":"repeat","background-position":"center center","background-size":"auto","background-attachment":"scroll","background-type":"","background-media":"","overlay-type":"","overlay-color":"","overlay-opacity":"","overlay-gradient":""}},"footnotes":""},"class_list":["post-1692","page","type-page","status-publish","has-post-thumbnail","hentry"],"yoast_head":"<!-- This site is optimized with the Yoast SEO plugin v27.5 - https:\/\/yoast.com\/product\/yoast-seo-wordpress\/ -->\n<title>Historie | Yerka Kosmetik<\/title>\n<meta name=\"description\" content=\"Yerka fra Berlin-Charlottenburg \u2013 familieeid antiperspirant med tradisjon. Bevist effekt i nesten 100 \u00e5r mot kraftig svette.\" \/>\n<meta name=\"robots\" content=\"index, follow, max-snippet:-1, max-image-preview:large, max-video-preview:-1\" \/>\n<link rel=\"canonical\" href=\"https:\/\/yerka-kosmetik.com\/no\/historie\/\" \/>\n<meta property=\"og:locale\" content=\"nb_NO\" \/>\n<meta property=\"og:type\" content=\"article\" \/>\n<meta property=\"og:title\" content=\"Historie | Yerka Kosmetik\" \/>\n<meta property=\"og:description\" content=\"Yerka fra Berlin-Charlottenburg \u2013 familieeid antiperspirant med tradisjon. Bevist effekt i nesten 100 \u00e5r mot kraftig svette.\" \/>\n<meta property=\"og:url\" content=\"https:\/\/yerka-kosmetik.com\/no\/historie\/\" \/>\n<meta property=\"og:site_name\" content=\"Yerka Kosmetik\" \/>\n<meta property=\"article:modified_time\" content=\"2026-05-11T13:46:04+00:00\" \/>\n<meta property=\"og:image\" content=\"https:\/\/yerka-kosmetik.com\/wp-content\/uploads\/2026\/05\/Yerka-Historie-11.jpg\" \/>\n\t<meta property=\"og:image:width\" content=\"900\" \/>\n\t<meta property=\"og:image:height\" content=\"800\" \/>\n\t<meta property=\"og:image:type\" content=\"image\/jpeg\" \/>\n<meta name=\"twitter:card\" content=\"summary_large_image\" \/>\n<meta name=\"twitter:label1\" content=\"Ansl. lesetid\" \/>\n\t<meta name=\"twitter:data1\" content=\"1 minutt\" \/>\n<script type=\"application\/ld+json\" class=\"yoast-schema-graph\">{\"@context\":\"https:\\\/\\\/schema.org\",\"@graph\":[{\"@type\":\"WebPage\",\"@id\":\"https:\\\/\\\/yerka-kosmetik.com\\\/no\\\/historie\\\/\",\"url\":\"https:\\\/\\\/yerka-kosmetik.com\\\/no\\\/historie\\\/\",\"name\":\"Historie | Yerka Kosmetik\",\"isPartOf\":{\"@id\":\"https:\\\/\\\/yerka-kosmetik.com\\\/no\\\/#website\"},\"primaryImageOfPage\":{\"@id\":\"https:\\\/\\\/yerka-kosmetik.com\\\/no\\\/historie\\\/#primaryimage\"},\"image\":{\"@id\":\"https:\\\/\\\/yerka-kosmetik.com\\\/no\\\/historie\\\/#primaryimage\"},\"thumbnailUrl\":\"https:\\\/\\\/yerka-kosmetik.com\\\/wp-content\\\/uploads\\\/2026\\\/05\\\/Yerka-Historie-11.jpg\",\"datePublished\":\"2026-05-08T16:57:30+00:00\",\"dateModified\":\"2026-05-11T13:46:04+00:00\",\"description\":\"Yerka fra Berlin-Charlottenburg \u2013 familieeid antiperspirant med tradisjon. Bevist effekt i nesten 100 \u00e5r mot kraftig svette.\",\"breadcrumb\":{\"@id\":\"https:\\\/\\\/yerka-kosmetik.com\\\/no\\\/historie\\\/#breadcrumb\"},\"inLanguage\":\"nb-NO\",\"potentialAction\":[{\"@type\":\"ReadAction\",\"target\":[\"https:\\\/\\\/yerka-kosmetik.com\\\/no\\\/historie\\\/\"]}]},{\"@type\":\"ImageObject\",\"inLanguage\":\"nb-NO\",\"@id\":\"https:\\\/\\\/yerka-kosmetik.com\\\/no\\\/historie\\\/#primaryimage\",\"url\":\"https:\\\/\\\/yerka-kosmetik.com\\\/wp-content\\\/uploads\\\/2026\\\/05\\\/Yerka-Historie-11.jpg\",\"contentUrl\":\"https:\\\/\\\/yerka-kosmetik.com\\\/wp-content\\\/uploads\\\/2026\\\/05\\\/Yerka-Historie-11.jpg\",\"width\":900,\"height\":800},{\"@type\":\"BreadcrumbList\",\"@id\":\"https:\\\/\\\/yerka-kosmetik.com\\\/no\\\/historie\\\/#breadcrumb\",\"itemListElement\":[{\"@type\":\"ListItem\",\"position\":1,\"name\":\"Startseite\",\"item\":\"https:\\\/\\\/yerka-kosmetik.com\\\/no\\\/\"},{\"@type\":\"ListItem\",\"position\":2,\"name\":\"Historie\"}]},{\"@type\":\"WebSite\",\"@id\":\"https:\\\/\\\/yerka-kosmetik.com\\\/no\\\/#website\",\"url\":\"https:\\\/\\\/yerka-kosmetik.com\\\/no\\\/\",\"name\":\"Yerka Kosmetik\",\"description\":\"Wirksame L\u00f6sung f\u00fcr jedes Schwei\u00dfproblem\",\"publisher\":{\"@id\":\"https:\\\/\\\/yerka-kosmetik.com\\\/no\\\/#organization\"},\"potentialAction\":[{\"@type\":\"SearchAction\",\"target\":{\"@type\":\"EntryPoint\",\"urlTemplate\":\"https:\\\/\\\/yerka-kosmetik.com\\\/no\\\/?s={search_term_string}\"},\"query-input\":{\"@type\":\"PropertyValueSpecification\",\"valueRequired\":true,\"valueName\":\"search_term_string\"}}],\"inLanguage\":\"nb-NO\"},{\"@type\":\"Organization\",\"@id\":\"https:\\\/\\\/yerka-kosmetik.com\\\/no\\\/#organization\",\"name\":\"Yerka Kosmetik\",\"url\":\"https:\\\/\\\/yerka-kosmetik.com\\\/no\\\/\",\"logo\":{\"@type\":\"ImageObject\",\"inLanguage\":\"nb-NO\",\"@id\":\"https:\\\/\\\/yerka-kosmetik.com\\\/no\\\/#\\\/schema\\\/logo\\\/image\\\/\",\"url\":\"https:\\\/\\\/yerka-kosmetik.com\\\/wp-content\\\/uploads\\\/2021\\\/03\\\/Yerka-kosmetik-stoppt-Transpiration-logo-mit-signet.jpg\",\"contentUrl\":\"https:\\\/\\\/yerka-kosmetik.com\\\/wp-content\\\/uploads\\\/2021\\\/03\\\/Yerka-kosmetik-stoppt-Transpiration-logo-mit-signet.jpg\",\"width\":1000,\"height\":800,\"caption\":\"Yerka Kosmetik\"},\"image\":{\"@id\":\"https:\\\/\\\/yerka-kosmetik.com\\\/no\\\/#\\\/schema\\\/logo\\\/image\\\/\"}}]}<\/script>\n<!-- \/ Yoast SEO plugin. -->","yoast_head_json":{"title":"Historie | Yerka Kosmetik","description":"Yerka fra Berlin-Charlottenburg \u2013 familieeid antiperspirant med tradisjon. Bevist effekt i nesten 100 \u00e5r mot kraftig svette.","robots":{"index":"index","follow":"follow","max-snippet":"max-snippet:-1","max-image-preview":"max-image-preview:large","max-video-preview":"max-video-preview:-1"},"canonical":"https:\/\/yerka-kosmetik.com\/no\/historie\/","og_locale":"nb_NO","og_type":"article","og_title":"Historie | Yerka Kosmetik","og_description":"Yerka fra Berlin-Charlottenburg \u2013 familieeid antiperspirant med tradisjon. Bevist effekt i nesten 100 \u00e5r mot kraftig svette.","og_url":"https:\/\/yerka-kosmetik.com\/no\/historie\/","og_site_name":"Yerka Kosmetik","article_modified_time":"2026-05-11T13:46:04+00:00","og_image":[{"width":900,"height":800,"url":"https:\/\/yerka-kosmetik.com\/wp-content\/uploads\/2026\/05\/Yerka-Historie-11.jpg","type":"image\/jpeg"}],"twitter_card":"summary_large_image","twitter_misc":{"Ansl. lesetid":"1 minutt"},"schema":{"@context":"https:\/\/schema.org","@graph":[{"@type":"WebPage","@id":"https:\/\/yerka-kosmetik.com\/no\/historie\/","url":"https:\/\/yerka-kosmetik.com\/no\/historie\/","name":"Historie | Yerka Kosmetik","isPartOf":{"@id":"https:\/\/yerka-kosmetik.com\/no\/#website"},"primaryImageOfPage":{"@id":"https:\/\/yerka-kosmetik.com\/no\/historie\/#primaryimage"},"image":{"@id":"https:\/\/yerka-kosmetik.com\/no\/historie\/#primaryimage"},"thumbnailUrl":"https:\/\/yerka-kosmetik.com\/wp-content\/uploads\/2026\/05\/Yerka-Historie-11.jpg","datePublished":"2026-05-08T16:57:30+00:00","dateModified":"2026-05-11T13:46:04+00:00","description":"Yerka fra Berlin-Charlottenburg \u2013 familieeid antiperspirant med tradisjon. Bevist effekt i nesten 100 \u00e5r mot kraftig svette.","breadcrumb":{"@id":"https:\/\/yerka-kosmetik.com\/no\/historie\/#breadcrumb"},"inLanguage":"nb-NO","potentialAction":[{"@type":"ReadAction","target":["https:\/\/yerka-kosmetik.com\/no\/historie\/"]}]},{"@type":"ImageObject","inLanguage":"nb-NO","@id":"https:\/\/yerka-kosmetik.com\/no\/historie\/#primaryimage","url":"https:\/\/yerka-kosmetik.com\/wp-content\/uploads\/2026\/05\/Yerka-Historie-11.jpg","contentUrl":"https:\/\/yerka-kosmetik.com\/wp-content\/uploads\/2026\/05\/Yerka-Historie-11.jpg","width":900,"height":800},{"@type":"BreadcrumbList","@id":"https:\/\/yerka-kosmetik.com\/no\/historie\/#breadcrumb","itemListElement":[{"@type":"ListItem","position":1,"name":"Startseite","item":"https:\/\/yerka-kosmetik.com\/no\/"},{"@type":"ListItem","position":2,"name":"Historie"}]},{"@type":"WebSite","@id":"https:\/\/yerka-kosmetik.com\/no\/#website","url":"https:\/\/yerka-kosmetik.com\/no\/","name":"Yerka Kosmetik","description":"Wirksame L\u00f6sung f\u00fcr jedes Schwei\u00dfproblem","publisher":{"@id":"https:\/\/yerka-kosmetik.com\/no\/#organization"},"potentialAction":[{"@type":"SearchAction","target":{"@type":"EntryPoint","urlTemplate":"https:\/\/yerka-kosmetik.com\/no\/?s={search_term_string}"},"query-input":{"@type":"PropertyValueSpecification","valueRequired":true,"valueName":"search_term_string"}}],"inLanguage":"nb-NO"},{"@type":"Organization","@id":"https:\/\/yerka-kosmetik.com\/no\/#organization","name":"Yerka Kosmetik","url":"https:\/\/yerka-kosmetik.com\/no\/","logo":{"@type":"ImageObject","inLanguage":"nb-NO","@id":"https:\/\/yerka-kosmetik.com\/no\/#\/schema\/logo\/image\/","url":"https:\/\/yerka-kosmetik.com\/wp-content\/uploads\/2021\/03\/Yerka-kosmetik-stoppt-Transpiration-logo-mit-signet.jpg","contentUrl":"https:\/\/yerka-kosmetik.com\/wp-content\/uploads\/2021\/03\/Yerka-kosmetik-stoppt-Transpiration-logo-mit-signet.jpg","width":1000,"height":800,"caption":"Yerka Kosmetik"},"image":{"@id":"https:\/\/yerka-kosmetik.com\/no\/#\/schema\/logo\/image\/"}}]}},"_links":{"self":[{"href":"https:\/\/yerka-kosmetik.com\/no\/wp-json\/wp\/v2\/pages\/1692","targetHints":{"allow":["GET"]}}],"collection":[{"href":"https:\/\/yerka-kosmetik.com\/no\/wp-json\/wp\/v2\/pages"}],"about":[{"href":"https:\/\/yerka-kosmetik.com\/no\/wp-json\/wp\/v2\/types\/page"}],"author":[{"embeddable":true,"href":"https:\/\/yerka-kosmetik.com\/no\/wp-json\/wp\/v2\/users\/1"}],"replies":[{"embeddable":true,"href":"https:\/\/yerka-kosmetik.com\/no\/wp-json\/wp\/v2\/comments?post=1692"}],"version-history":[{"count":4,"href":"https:\/\/yerka-kosmetik.com\/no\/wp-json\/wp\/v2\/pages\/1692\/revisions"}],"predecessor-version":[{"id":1904,"href":"https:\/\/yerka-kosmetik.com\/no\/wp-json\/wp\/v2\/pages\/1692\/revisions\/1904"}],"wp:featuredmedia":[{"embeddable":true,"href":"https:\/\/yerka-kosmetik.com\/no\/wp-json\/wp\/v2\/media\/1703"}],"wp:attachment":[{"href":"https:\/\/yerka-kosmetik.com\/no\/wp-json\/wp\/v2\/media?parent=1692"}],"curies":[{"name":"wp","href":"https:\/\/api.w.org\/{rel}","templated":true}]}}