{"id":1771,"date":"2021-03-05T10:19:52","date_gmt":"2021-03-05T09:19:52","guid":{"rendered":"https:\/\/yerka-kosmetik.com\/legal-notice\/"},"modified":"2026-05-11T13:18:40","modified_gmt":"2026-05-11T11:18:40","slug":"legal-notice","status":"publish","type":"page","link":"https:\/\/yerka-kosmetik.com\/en\/legal-notice\/","title":{"rendered":"Legal Notice"},"content":{"rendered":"\t\t<div data-elementor-type=\"wp-page\" data-elementor-id=\"1771\" class=\"elementor elementor-1771 elementor-77\" data-elementor-post-type=\"page\">\n\t\t\t\t\t\t<section class=\"elementor-section elementor-top-section elementor-element elementor-element-7135646 elementor-section-boxed elementor-section-height-default elementor-section-height-default\" data-id=\"7135646\" data-element_type=\"section\" data-e-type=\"section\">\n\t\t\t\t\t\t<div class=\"elementor-container elementor-column-gap-default\">\n\t\t\t\t\t<div class=\"elementor-column elementor-col-100 elementor-top-column elementor-element elementor-element-74a48f2\" data-id=\"74a48f2\" data-element_type=\"column\" data-e-type=\"column\">\n\t\t\t<div class=\"elementor-widget-wrap elementor-element-populated\">\n\t\t\t\t\t\t<div class=\"elementor-element elementor-element-9bff20e elementor-widget elementor-widget-text-editor\" data-id=\"9bff20e\" data-element_type=\"widget\" data-e-type=\"widget\" data-widget_type=\"text-editor.default\">\n\t\t\t\t<div class=\"elementor-widget-container\">\n\t\t\t\t\t\t\t\t\t<p class=\"p1\"><b>Responsible for the content:<\/b><\/p>\n<p>Yerka Kosmetik GmbH<br>Wielandstr. 26a<br>10707 Berlin <\/p>\n<p>Phone: +49 (0)30 881 38 76<br>Fax: +49 (0)30 881 74 37<br>Email: info@yerka-kosmetik.de<\/p>\n<p>Managing Director: Rafael Ap\u00e9lian<\/p>\n<p>Commercial Register: District Court Berlin-Charlottenburg, HRB 39 845 B<\/p>\n<p>VAT Identification Number: DE151725290<\/p>\n<p class=\"p1\"><b>Concept and implementation:<\/b><br><a href=\"https:\/\/motho-design.com\/\" target=\"_blank\" rel=\"noopener\">motho-design.com<\/a><\/p>\n<p><strong>Product photography:<\/strong><br>Detlef Szillat, <a href=\"https:\/\/neuessichten.com\/\" target=\"_blank\" rel=\"noopener\">neuessichten.com<\/a><\/p>\n<p><strong>Other photos:<br><\/strong><a href=\"https:\/\/stock.adobe.com\/\" target=\"_blank\" rel=\"noopener\">Adobe Stock<\/a><\/p>\n<p><b>EU Dispute Resolution<br><\/b>The European Commission provides a platform for online dispute resolution (ODR): <a href=\"https:\/\/ec.europa.eu\/consumers\/odr\">https:\/\/ec.europa.eu\/consumers\/odr<\/a>. You can find our email address in the legal notice above. <\/p>\n<p><b>Consumer Dispute Resolution &amp; Universal Arbitration Board<br><\/b>We are not willing or obliged to participate in dispute resolution proceedings before a consumer arbitration board.<\/p>\n<p class=\"p1\">\n<\/p>\t\t\t\t\t\t\t\t<\/div>\n\t\t\t\t<\/div>\n\t\t\t\t<div class=\"elementor-element elementor-element-ba88f06 elementor-widget elementor-widget-text-editor\" data-id=\"ba88f06\" data-element_type=\"widget\" data-e-type=\"widget\" data-widget_type=\"text-editor.default\">\n\t\t\t\t<div class=\"elementor-widget-container\">\n\t\t\t\t\t\t\t\t\t<h3 class=\"p1\"><b>Disclaimer<\/b><\/h3><p class=\"p1\"><b>Liability for Content<\/b><br>The contents of these pages were created with great care. However, no guarantee is given for the accuracy, completeness, and timeliness of the content. According to Section 7 (1) TMG, we are responsible for our own content on these pages in accordance with general laws. According to Sections 8 to 10 TMG, however, we are not obliged to monitor transmitted or stored third-party information or to investigate circumstances that indicate illegal activity. Obligations to remove or block the use of information under general laws remain unaffected. However, liability in this regard is only possible from the time of knowledge of a specific legal violation. Upon becoming aware of such legal violations, we will remove this content immediately.       <\/p><p class=\"p1\"><b>Liability for Links<\/b><br>Our website contains links to external third-party websites over whose content we have no influence. Therefore, we cannot accept any liability for this external content. The respective provider or operator of the pages is always responsible for the content of the linked pages. The linked pages were checked for possible legal violations at the time of linking. Illegal content was not recognizable at the time of linking. However, permanent monitoring of the content of the linked pages is not reasonable without concrete evidence of a legal violation. Upon becoming aware of legal violations, we will remove such links immediately.      <\/p><p class=\"p1\"><b>Copyright<\/b><br>The content and works created by the site operator on these pages are subject to German copyright law. Reproduction, editing, distribution, and any kind of exploitation outside the limits of copyright law require the written consent of the respective author or creator. Downloads and copies of this page are only permitted for private, non-commercial use. Insofar as the content on this page was not created by the operator, the copyrights of third parties are respected. In particular, third-party content is identified as such. Should you nevertheless become aware of a copyright infringement, please notify us accordingly. Upon becoming aware of legal violations, we will remove such content immediately.      <\/p><p class=\"p4\"><span class=\"s2\"><a href=\"https:\/\/yerka-kosmetik.com\/en\/privacy-policy\/\">Privacy Policy<\/a><\/span><\/p><p class=\"p1\"> <\/p>\t\t\t\t\t\t\t\t<\/div>\n\t\t\t\t<\/div>\n\t\t\t\t\t<\/div>\n\t\t<\/div>\n\t\t\t\t\t<\/div>\n\t\t<\/section>\n\t\t\t\t<\/div>\n\t\t","protected":false},"excerpt":{"rendered":"<p>Responsible for the content: Yerka Kosmetik GmbHWielandstr. 26a10707 Berlin Phone: +49 (0)30 881 38 76Fax: +49 (0)30 881 74 37Email: info@yerka-kosmetik.de Managing Director: Rafael Ap\u00e9lian Commercial Register: District Court Berlin-Charlottenburg, HRB 39 845 B VAT Identification Number: DE151725290 Concept and implementation:motho-design.com Product photography:Detlef Szillat, neuessichten.com Other photos:Adobe Stock EU Dispute ResolutionThe European Commission provides a [&hellip;]<\/p>\n","protected":false},"author":1,"featured_media":0,"parent":0,"menu_order":99,"comment_status":"closed","ping_status":"closed","template":"","meta":{"site-sidebar-layout":"default","site-content-layout":"default","ast-site-content-layout":"default","site-content-style":"default","site-sidebar-style":"default","ast-global-header-display":"","ast-banner-title-visibility":"","ast-main-header-display":"","ast-hfb-above-header-display":"","ast-hfb-below-header-display":"","ast-hfb-mobile-header-display":"","site-post-title":"disabled","ast-breadcrumbs-content":"disabled","ast-featured-img":"","footer-sml-layout":"","ast-disable-related-posts":"","theme-transparent-header-meta":"disabled","adv-header-id-meta":"","stick-header-meta":"default","header-above-stick-meta":"","header-main-stick-meta":"","header-below-stick-meta":"","astra-migrate-meta-layouts":"default","ast-page-background-enabled":"default","ast-page-background-meta":{"desktop":{"background-color":"","background-image":"","background-repeat":"repeat","background-position":"center center","background-size":"auto","background-attachment":"scroll","background-type":"","background-media":"","overlay-type":"","overlay-color":"","overlay-opacity":"","overlay-gradient":""},"tablet":{"background-color":"","background-image":"","background-repeat":"repeat","background-position":"center center","background-size":"auto","background-attachment":"scroll","background-type":"","background-media":"","overlay-type":"","overlay-color":"","overlay-opacity":"","overlay-gradient":""},"mobile":{"background-color":"","background-image":"","background-repeat":"repeat","background-position":"center center","background-size":"auto","background-attachment":"scroll","background-type":"","background-media":"","overlay-type":"","overlay-color":"","overlay-opacity":"","overlay-gradient":""}},"ast-content-background-meta":{"desktop":{"background-color":"var(--ast-global-color-5)","background-image":"","background-repeat":"repeat","background-position":"center center","background-size":"auto","background-attachment":"scroll","background-type":"","background-media":"","overlay-type":"","overlay-color":"","overlay-opacity":"","overlay-gradient":""},"tablet":{"background-color":"var(--ast-global-color-5)","background-image":"","background-repeat":"repeat","background-position":"center center","background-size":"auto","background-attachment":"scroll","background-type":"","background-media":"","overlay-type":"","overlay-color":"","overlay-opacity":"","overlay-gradient":""},"mobile":{"background-color":"var(--ast-global-color-5)","background-image":"","background-repeat":"repeat","background-position":"center center","background-size":"auto","background-attachment":"scroll","background-type":"","background-media":"","overlay-type":"","overlay-color":"","overlay-opacity":"","overlay-gradient":""}},"footnotes":""},"class_list":["post-1771","page","type-page","status-publish","hentry"],"yoast_head":"<!-- This site is optimized with the Yoast SEO plugin v27.5 - https:\/\/yoast.com\/product\/yoast-seo-wordpress\/ -->\n<title>Legal Notice | Yerka Kosmetik<\/title>\n<meta name=\"robots\" content=\"index, follow, max-snippet:-1, max-image-preview:large, max-video-preview:-1\" \/>\n<link rel=\"canonical\" href=\"https:\/\/yerka-kosmetik.com\/en\/legal-notice\/\" \/>\n<meta property=\"og:locale\" content=\"en_US\" \/>\n<meta property=\"og:type\" content=\"article\" \/>\n<meta property=\"og:title\" content=\"Legal Notice | Yerka Kosmetik\" \/>\n<meta property=\"og:description\" content=\"Responsible for the content: Yerka Kosmetik GmbHWielandstr. 26a10707 Berlin Phone: +49 (0)30 881 38 76Fax: +49 (0)30 881 74 37Email: info@yerka-kosmetik.de Managing Director: Rafael Ap\u00e9lian Commercial Register: District Court Berlin-Charlottenburg, HRB 39 845 B VAT Identification Number: DE151725290 Concept and implementation:motho-design.com Product photography:Detlef Szillat, neuessichten.com Other photos:Adobe Stock EU Dispute ResolutionThe European Commission provides a [&hellip;]\" \/>\n<meta property=\"og:url\" content=\"https:\/\/yerka-kosmetik.com\/en\/legal-notice\/\" \/>\n<meta property=\"og:site_name\" content=\"Yerka Kosmetik\" \/>\n<meta property=\"article:modified_time\" content=\"2026-05-11T11:18:40+00:00\" \/>\n<meta name=\"twitter:card\" content=\"summary_large_image\" \/>\n<meta name=\"twitter:label1\" content=\"Est. reading time\" \/>\n\t<meta name=\"twitter:data1\" content=\"2 minutes\" \/>\n<script type=\"application\/ld+json\" class=\"yoast-schema-graph\">{\"@context\":\"https:\\\/\\\/schema.org\",\"@graph\":[{\"@type\":\"WebPage\",\"@id\":\"https:\\\/\\\/yerka-kosmetik.com\\\/en\\\/legal-notice\\\/\",\"url\":\"https:\\\/\\\/yerka-kosmetik.com\\\/en\\\/legal-notice\\\/\",\"name\":\"Legal Notice | Yerka Kosmetik\",\"isPartOf\":{\"@id\":\"https:\\\/\\\/yerka-kosmetik.com\\\/en\\\/#website\"},\"datePublished\":\"2021-03-05T09:19:52+00:00\",\"dateModified\":\"2026-05-11T11:18:40+00:00\",\"breadcrumb\":{\"@id\":\"https:\\\/\\\/yerka-kosmetik.com\\\/en\\\/legal-notice\\\/#breadcrumb\"},\"inLanguage\":\"en-US\",\"potentialAction\":[{\"@type\":\"ReadAction\",\"target\":[\"https:\\\/\\\/yerka-kosmetik.com\\\/en\\\/legal-notice\\\/\"]}]},{\"@type\":\"BreadcrumbList\",\"@id\":\"https:\\\/\\\/yerka-kosmetik.com\\\/en\\\/legal-notice\\\/#breadcrumb\",\"itemListElement\":[{\"@type\":\"ListItem\",\"position\":1,\"name\":\"Startseite\",\"item\":\"https:\\\/\\\/yerka-kosmetik.com\\\/en\\\/\"},{\"@type\":\"ListItem\",\"position\":2,\"name\":\"Legal Notice\"}]},{\"@type\":\"WebSite\",\"@id\":\"https:\\\/\\\/yerka-kosmetik.com\\\/en\\\/#website\",\"url\":\"https:\\\/\\\/yerka-kosmetik.com\\\/en\\\/\",\"name\":\"Yerka Kosmetik\",\"description\":\"Wirksame L\u00f6sung f\u00fcr jedes Schwei\u00dfproblem\",\"publisher\":{\"@id\":\"https:\\\/\\\/yerka-kosmetik.com\\\/en\\\/#organization\"},\"potentialAction\":[{\"@type\":\"SearchAction\",\"target\":{\"@type\":\"EntryPoint\",\"urlTemplate\":\"https:\\\/\\\/yerka-kosmetik.com\\\/en\\\/?s={search_term_string}\"},\"query-input\":{\"@type\":\"PropertyValueSpecification\",\"valueRequired\":true,\"valueName\":\"search_term_string\"}}],\"inLanguage\":\"en-US\"},{\"@type\":\"Organization\",\"@id\":\"https:\\\/\\\/yerka-kosmetik.com\\\/en\\\/#organization\",\"name\":\"Yerka Kosmetik\",\"url\":\"https:\\\/\\\/yerka-kosmetik.com\\\/en\\\/\",\"logo\":{\"@type\":\"ImageObject\",\"inLanguage\":\"en-US\",\"@id\":\"https:\\\/\\\/yerka-kosmetik.com\\\/en\\\/#\\\/schema\\\/logo\\\/image\\\/\",\"url\":\"https:\\\/\\\/yerka-kosmetik.com\\\/wp-content\\\/uploads\\\/2021\\\/03\\\/Yerka-kosmetik-stoppt-Transpiration-logo-mit-signet.jpg\",\"contentUrl\":\"https:\\\/\\\/yerka-kosmetik.com\\\/wp-content\\\/uploads\\\/2021\\\/03\\\/Yerka-kosmetik-stoppt-Transpiration-logo-mit-signet.jpg\",\"width\":1000,\"height\":800,\"caption\":\"Yerka Kosmetik\"},\"image\":{\"@id\":\"https:\\\/\\\/yerka-kosmetik.com\\\/en\\\/#\\\/schema\\\/logo\\\/image\\\/\"}}]}<\/script>\n<!-- \/ Yoast SEO plugin. -->","yoast_head_json":{"title":"Legal Notice | Yerka Kosmetik","robots":{"index":"index","follow":"follow","max-snippet":"max-snippet:-1","max-image-preview":"max-image-preview:large","max-video-preview":"max-video-preview:-1"},"canonical":"https:\/\/yerka-kosmetik.com\/en\/legal-notice\/","og_locale":"en_US","og_type":"article","og_title":"Legal Notice | Yerka Kosmetik","og_description":"Responsible for the content: Yerka Kosmetik GmbHWielandstr. 26a10707 Berlin Phone: +49 (0)30 881 38 76Fax: +49 (0)30 881 74 37Email: info@yerka-kosmetik.de Managing Director: Rafael Ap\u00e9lian Commercial Register: District Court Berlin-Charlottenburg, HRB 39 845 B VAT Identification Number: DE151725290 Concept and implementation:motho-design.com Product photography:Detlef Szillat, neuessichten.com Other photos:Adobe Stock EU Dispute ResolutionThe European Commission provides a [&hellip;]","og_url":"https:\/\/yerka-kosmetik.com\/en\/legal-notice\/","og_site_name":"Yerka Kosmetik","article_modified_time":"2026-05-11T11:18:40+00:00","twitter_card":"summary_large_image","twitter_misc":{"Est. reading time":"2 minutes"},"schema":{"@context":"https:\/\/schema.org","@graph":[{"@type":"WebPage","@id":"https:\/\/yerka-kosmetik.com\/en\/legal-notice\/","url":"https:\/\/yerka-kosmetik.com\/en\/legal-notice\/","name":"Legal Notice | Yerka Kosmetik","isPartOf":{"@id":"https:\/\/yerka-kosmetik.com\/en\/#website"},"datePublished":"2021-03-05T09:19:52+00:00","dateModified":"2026-05-11T11:18:40+00:00","breadcrumb":{"@id":"https:\/\/yerka-kosmetik.com\/en\/legal-notice\/#breadcrumb"},"inLanguage":"en-US","potentialAction":[{"@type":"ReadAction","target":["https:\/\/yerka-kosmetik.com\/en\/legal-notice\/"]}]},{"@type":"BreadcrumbList","@id":"https:\/\/yerka-kosmetik.com\/en\/legal-notice\/#breadcrumb","itemListElement":[{"@type":"ListItem","position":1,"name":"Startseite","item":"https:\/\/yerka-kosmetik.com\/en\/"},{"@type":"ListItem","position":2,"name":"Legal Notice"}]},{"@type":"WebSite","@id":"https:\/\/yerka-kosmetik.com\/en\/#website","url":"https:\/\/yerka-kosmetik.com\/en\/","name":"Yerka Kosmetik","description":"Wirksame L\u00f6sung f\u00fcr jedes Schwei\u00dfproblem","publisher":{"@id":"https:\/\/yerka-kosmetik.com\/en\/#organization"},"potentialAction":[{"@type":"SearchAction","target":{"@type":"EntryPoint","urlTemplate":"https:\/\/yerka-kosmetik.com\/en\/?s={search_term_string}"},"query-input":{"@type":"PropertyValueSpecification","valueRequired":true,"valueName":"search_term_string"}}],"inLanguage":"en-US"},{"@type":"Organization","@id":"https:\/\/yerka-kosmetik.com\/en\/#organization","name":"Yerka Kosmetik","url":"https:\/\/yerka-kosmetik.com\/en\/","logo":{"@type":"ImageObject","inLanguage":"en-US","@id":"https:\/\/yerka-kosmetik.com\/en\/#\/schema\/logo\/image\/","url":"https:\/\/yerka-kosmetik.com\/wp-content\/uploads\/2021\/03\/Yerka-kosmetik-stoppt-Transpiration-logo-mit-signet.jpg","contentUrl":"https:\/\/yerka-kosmetik.com\/wp-content\/uploads\/2021\/03\/Yerka-kosmetik-stoppt-Transpiration-logo-mit-signet.jpg","width":1000,"height":800,"caption":"Yerka Kosmetik"},"image":{"@id":"https:\/\/yerka-kosmetik.com\/en\/#\/schema\/logo\/image\/"}}]}},"_links":{"self":[{"href":"https:\/\/yerka-kosmetik.com\/en\/wp-json\/wp\/v2\/pages\/1771","targetHints":{"allow":["GET"]}}],"collection":[{"href":"https:\/\/yerka-kosmetik.com\/en\/wp-json\/wp\/v2\/pages"}],"about":[{"href":"https:\/\/yerka-kosmetik.com\/en\/wp-json\/wp\/v2\/types\/page"}],"author":[{"embeddable":true,"href":"https:\/\/yerka-kosmetik.com\/en\/wp-json\/wp\/v2\/users\/1"}],"replies":[{"embeddable":true,"href":"https:\/\/yerka-kosmetik.com\/en\/wp-json\/wp\/v2\/comments?post=1771"}],"version-history":[{"count":1,"href":"https:\/\/yerka-kosmetik.com\/en\/wp-json\/wp\/v2\/pages\/1771\/revisions"}],"predecessor-version":[{"id":1772,"href":"https:\/\/yerka-kosmetik.com\/en\/wp-json\/wp\/v2\/pages\/1771\/revisions\/1772"}],"wp:attachment":[{"href":"https:\/\/yerka-kosmetik.com\/en\/wp-json\/wp\/v2\/media?parent=1771"}],"curies":[{"name":"wp","href":"https:\/\/api.w.org\/{rel}","templated":true}]}}